{"id":3360,"date":"2020-09-30T21:29:38","date_gmt":"2020-09-30T19:29:38","guid":{"rendered":"https:\/\/www.ecotip.si\/air-filtration\/kasetni-filtri\/"},"modified":"2020-10-06T08:51:57","modified_gmt":"2020-10-06T06:51:57","slug":"filter-cells","status":"publish","type":"page","link":"https:\/\/www.ecotip.si\/en\/air-filtration\/filter-cells\/","title":{"rendered":"Filter cells"},"content":{"rendered":"<div class=\"fusion-fullwidth fullwidth-box fusion-builder-row-1 fusion-flex-container nonhundred-percent-fullwidth non-hundred-percent-height-scrolling\" style=\"--awb-border-radius-top-left:0px;--awb-border-radius-top-right:0px;--awb-border-radius-bottom-right:0px;--awb-border-radius-bottom-left:0px;--awb-flex-wrap:wrap;\" ><div class=\"fusion-builder-row fusion-row fusion-flex-align-items-flex-start fusion-flex-content-wrap\" style=\"max-width:1414.4px;margin-left: calc(-4% \/ 2 );margin-right: calc(-4% \/ 2 );\"><div class=\"fusion-layout-column fusion_builder_column fusion-builder-column-0 fusion_builder_column_1_1 1_1 fusion-flex-column\" style=\"--awb-bg-size:cover;--awb-width-large:100%;--awb-margin-top-large:0px;--awb-spacing-right-large:1.92%;--awb-margin-bottom-large:20px;--awb-spacing-left-large:1.92%;--awb-width-medium:100%;--awb-order-medium:0;--awb-spacing-right-medium:1.92%;--awb-spacing-left-medium:1.92%;--awb-width-small:100%;--awb-order-small:0;--awb-spacing-right-small:1.92%;--awb-spacing-left-small:1.92%;\"><div class=\"fusion-column-wrapper fusion-column-has-shadow fusion-flex-justify-content-flex-start fusion-content-layout-column\"><div class=\"fusion-text fusion-text-1\"><h1>Filter cells<\/h1>\n<h3>ISO Coarse in ISO ePM filtration<\/h3>\n<p>Ecofil filter cells are made of highly efficient filter medium that ensures low pressure differences. For the demanding pre-filtration, straight or pleated versions which enables high airflow rate and a greater dust holding capacity than the flat version because the surface is up to triple that of the ordinary ones. It causes lower velocity through the filter medium and smaller pressure differences. The energy costs are, therefore, essentially lower. The use of impermeable \u201chot-melt\u201d gluing in some models creates maximum sealing between the filter medium and filter frame and thus enables air-flow also on the edges of the filter. The sharp \u201cV\u201d form of the plisse enables the maximum depth effect.<\/p>\n<p>All Ecofil filter cells are sold in standard and nonstandard sizes, and in various thicknesses. Different types of frames enable reliable sealing, high stiffness and dimensional stability as well as the possibility of residue-free incineration. Filter cells are moisture-proof, waterproof and microbiologically inert. The use of fully synthetic materials in compliance with VDI 6022 enables a perfect hygienic filter operation. The filter media are free of binders, solvents or color agents.<\/p>\n<\/div><style type=\"text\/css\">.fusion-portfolio-wrapper#fusion-portfolio-1 .fusion-portfolio-content{ padding: 25px 25px 25px 25px; text-align: left; }<\/style><div class=\"fusion-recent-works fusion-portfolio-element fusion-portfolio fusion-portfolio-1 fusion-portfolio-grid fusion-portfolio-paging-pagination fusion-portfolio-three fusion-portfolio-boxed fusion-portfolio-text fusion-portfolio-equal-heights fusion-portfolio-rollover\" data-id=\"-rw-1\" data-columns=\"three\"><div><ul class=\"fusion-filters\" role=\"menu\" aria-label=\"Portfolio Filters\"><li role=\"presentation\" class=\"fusion-filter fusion-filter-all fusion-active\"><a href=\"#\" data-filter=\"*\" role=\"menuitem\">All<\/a><\/li><li role=\"presentation\" class=\"fusion-filter fusion-hidden\"><a href=\"#\" data-filter=\".filter-cells-g2-g4-en\" role=\"menuitem\">Filter cells G2 \u2013 G4<\/a><\/li><li role=\"presentation\" class=\"fusion-filter fusion-hidden\"><a href=\"#\" data-filter=\".filter-cells-m5-f9-en\" role=\"menuitem\">Filter cells M5 \u2013 F9<\/a><\/li><\/ul><\/div><style type=\"text\/css\">.fusion-portfolio-1 .fusion-portfolio-wrapper .fusion-col-spacing{padding:15px;}<\/style><div class=\"fusion-portfolio-wrapper\" id=\"fusion-portfolio-1\" data-picturesize=\"auto\" data-pages=\"1\" style=\"margin:-15px;\"><article id=\"portfolio-1-post-3370\" class=\"fusion-portfolio-post filter-cells-g2-g4-en fusion-col-spacing post-3370\"><div class=\"fusion-portfolio-content-wrapper\" style=\"border:1px solid #e5e5e5;border-bottom-width:3px;background-color:rgba(255,255,255,0);\"><span class=\"vcard rich-snippet-hidden\"><span class=\"fn\"><a href=\"https:\/\/www.ecotip.si\/en\/author\/jadelight\/\" title=\"Posts by jadelight\" rel=\"author\">jadelight<\/a><\/span><\/span><span class=\"updated rich-snippet-hidden\">2020-09-30T22:08:25+02:00<\/span><div  class=\"fusion-image-wrapper\" aria-haspopup=\"true\">\n\t\t\t\t<img decoding=\"async\" width=\"740\" height=\"494\" src=\"https:\/\/www.ecotip.si\/wp-content\/uploads\/2018\/08\/kasetni-filtri-ecofil-ka-pe-40.jpg\" class=\"attachment-full size-full wp-post-image\" alt=\"\" srcset=\"https:\/\/www.ecotip.si\/wp-content\/uploads\/2018\/08\/kasetni-filtri-ecofil-ka-pe-40-200x134.jpg 200w, https:\/\/www.ecotip.si\/wp-content\/uploads\/2018\/08\/kasetni-filtri-ecofil-ka-pe-40-400x267.jpg 400w, https:\/\/www.ecotip.si\/wp-content\/uploads\/2018\/08\/kasetni-filtri-ecofil-ka-pe-40-600x401.jpg 600w, https:\/\/www.ecotip.si\/wp-content\/uploads\/2018\/08\/kasetni-filtri-ecofil-ka-pe-40.jpg 740w\" sizes=\"(min-width: 2200px) 100vw, (min-width: 824px) 433px, (min-width: 732px) 650px, (min-width: 640px) 732px, \" \/><div class=\"fusion-rollover\">\n\t<div class=\"fusion-rollover-content\">\n\n\t\t\t\t\t\t\t\t\t\t\t\t\t\t<a class=\"fusion-rollover-link\" href=\"https:\/\/www.ecotip.si\/en\/filter\/filter-cell-ecofil-ka-pe-40\/?portfolioCats=93%2C94\">Filter cell Ecofil KA PE 40<\/a>\n\t\t\t\n\t\t\t\t\t\t\t\t\n\t\t\n\t\t\t\t\t\t\t\t\n\t\t\t\t\t\t\t\t\n\t\t\n\t\t\t\t\t\t<a class=\"fusion-link-wrapper\" href=\"https:\/\/www.ecotip.si\/en\/filter\/filter-cell-ecofil-ka-pe-40\/?portfolioCats=93%2C94\" aria-label=\"Filter cell Ecofil KA PE 40\"><\/a>\n\t<\/div>\n<\/div>\n<\/div>\n<div class=\"fusion-portfolio-content\" style=\"background-color:rgba(255,255,255,0);\"><h2 class=\"entry-title fusion-post-title\"><a href=\"https:\/\/www.ecotip.si\/en\/filter\/filter-cell-ecofil-ka-pe-40\/?portfolioCats=93%2C94\">Filter cell Ecofil KA PE 40<\/a><\/h2><div class=\"fusion-portfolio-meta\"><a href=\"https:\/\/www.ecotip.si\/en\/filter-ecotip\/filter-cells-g2-g4-en\/\" rel=\"tag\">Filter cells G2 \u2013 G4<\/a><\/div><div class=\"fusion-content-sep sep-single sep-solid\" style=\"border-color:#e5e5e5;\"><\/div><div class=\"fusion-post-content\"><p>  Filter class: G4 Frame: Galvanized steel, cardboard Filter<\/p><\/div><\/div><\/div><\/article><article id=\"portfolio-1-post-3382\" class=\"fusion-portfolio-post filter-cells-g2-g4-en fusion-col-spacing post-3382\"><div class=\"fusion-portfolio-content-wrapper\" style=\"border:1px solid #e5e5e5;border-bottom-width:3px;background-color:rgba(255,255,255,0);\"><span class=\"vcard rich-snippet-hidden\"><span class=\"fn\"><a href=\"https:\/\/www.ecotip.si\/en\/author\/jadelight\/\" title=\"Posts by jadelight\" rel=\"author\">jadelight<\/a><\/span><\/span><span class=\"updated rich-snippet-hidden\">2025-07-13T18:29:12+02:00<\/span><div  class=\"fusion-image-wrapper\" aria-haspopup=\"true\">\n\t\t\t\t<img decoding=\"async\" width=\"740\" height=\"494\" src=\"https:\/\/www.ecotip.si\/wp-content\/uploads\/2018\/08\/kasetni-filtri-ecofil-ka-k-pe-20-40.jpg\" class=\"attachment-full size-full wp-post-image\" alt=\"\" srcset=\"https:\/\/www.ecotip.si\/wp-content\/uploads\/2018\/08\/kasetni-filtri-ecofil-ka-k-pe-20-40-200x134.jpg 200w, https:\/\/www.ecotip.si\/wp-content\/uploads\/2018\/08\/kasetni-filtri-ecofil-ka-k-pe-20-40-400x267.jpg 400w, https:\/\/www.ecotip.si\/wp-content\/uploads\/2018\/08\/kasetni-filtri-ecofil-ka-k-pe-20-40-600x401.jpg 600w, https:\/\/www.ecotip.si\/wp-content\/uploads\/2018\/08\/kasetni-filtri-ecofil-ka-k-pe-20-40.jpg 740w\" sizes=\"(min-width: 2200px) 100vw, (min-width: 824px) 433px, (min-width: 732px) 650px, (min-width: 640px) 732px, \" \/><div class=\"fusion-rollover\">\n\t<div class=\"fusion-rollover-content\">\n\n\t\t\t\t\t\t\t\t\t\t\t\t\t\t<a class=\"fusion-rollover-link\" href=\"https:\/\/www.ecotip.si\/en\/filter\/filter-cell-ecofil-ka-k-pe-20-40\/?portfolioCats=93%2C94\">Filter cell Ecofil KA\/K PE 20-40<\/a>\n\t\t\t\n\t\t\t\t\t\t\t\t\n\t\t\n\t\t\t\t\t\t\t\t\n\t\t\t\t\t\t\t\t\n\t\t\n\t\t\t\t\t\t<a class=\"fusion-link-wrapper\" href=\"https:\/\/www.ecotip.si\/en\/filter\/filter-cell-ecofil-ka-k-pe-20-40\/?portfolioCats=93%2C94\" aria-label=\"Filter cell Ecofil KA\/K PE 20-40\"><\/a>\n\t<\/div>\n<\/div>\n<\/div>\n<div class=\"fusion-portfolio-content\" style=\"background-color:rgba(255,255,255,0);\"><h2 class=\"entry-title fusion-post-title\"><a href=\"https:\/\/www.ecotip.si\/en\/filter\/filter-cell-ecofil-ka-k-pe-20-40\/?portfolioCats=93%2C94\">Filter cell Ecofil KA\/K PE 20-40<\/a><\/h2><div class=\"fusion-portfolio-meta\"><a href=\"https:\/\/www.ecotip.si\/en\/filter-ecotip\/filter-cells-g2-g4-en\/\" rel=\"tag\">Filter cells G2 \u2013 G4<\/a><\/div><div class=\"fusion-content-sep sep-single sep-solid\" style=\"border-color:#e5e5e5;\"><\/div><div class=\"fusion-post-content\"><p>  Filter class: G2 \u2013 G4 Frame: Galvanized steel,<\/p><\/div><\/div><\/div><\/article><article id=\"portfolio-1-post-3393\" class=\"fusion-portfolio-post filter-cells-g2-g4-en fusion-col-spacing post-3393\"><div class=\"fusion-portfolio-content-wrapper\" style=\"border:1px solid #e5e5e5;border-bottom-width:3px;background-color:rgba(255,255,255,0);\"><span class=\"vcard rich-snippet-hidden\"><span class=\"fn\"><a href=\"https:\/\/www.ecotip.si\/en\/author\/jadelight\/\" title=\"Posts by jadelight\" rel=\"author\">jadelight<\/a><\/span><\/span><span class=\"updated rich-snippet-hidden\">2020-09-30T22:21:49+02:00<\/span><div  class=\"fusion-image-wrapper\" aria-haspopup=\"true\">\n\t\t\t\t<img decoding=\"async\" width=\"740\" height=\"494\" src=\"https:\/\/www.ecotip.si\/wp-content\/uploads\/2018\/08\/kasetni-filtri-ecofil-ka-r-pe-40.jpg\" class=\"attachment-full size-full wp-post-image\" alt=\"\" srcset=\"https:\/\/www.ecotip.si\/wp-content\/uploads\/2018\/08\/kasetni-filtri-ecofil-ka-r-pe-40-200x134.jpg 200w, https:\/\/www.ecotip.si\/wp-content\/uploads\/2018\/08\/kasetni-filtri-ecofil-ka-r-pe-40-400x267.jpg 400w, https:\/\/www.ecotip.si\/wp-content\/uploads\/2018\/08\/kasetni-filtri-ecofil-ka-r-pe-40-600x401.jpg 600w, https:\/\/www.ecotip.si\/wp-content\/uploads\/2018\/08\/kasetni-filtri-ecofil-ka-r-pe-40.jpg 740w\" sizes=\"(min-width: 2200px) 100vw, (min-width: 824px) 433px, (min-width: 732px) 650px, (min-width: 640px) 732px, \" \/><div class=\"fusion-rollover\">\n\t<div class=\"fusion-rollover-content\">\n\n\t\t\t\t\t\t\t\t\t\t\t\t\t\t<a class=\"fusion-rollover-link\" href=\"https:\/\/www.ecotip.si\/en\/filter\/filter-cell-ecofil-ka-r-pe-40\/?portfolioCats=93%2C94\">Filter cell Ecofil KA\/R PE 40<\/a>\n\t\t\t\n\t\t\t\t\t\t\t\t\n\t\t\n\t\t\t\t\t\t\t\t\n\t\t\t\t\t\t\t\t\n\t\t\n\t\t\t\t\t\t<a class=\"fusion-link-wrapper\" href=\"https:\/\/www.ecotip.si\/en\/filter\/filter-cell-ecofil-ka-r-pe-40\/?portfolioCats=93%2C94\" aria-label=\"Filter cell Ecofil KA\/R PE 40\"><\/a>\n\t<\/div>\n<\/div>\n<\/div>\n<div class=\"fusion-portfolio-content\" style=\"background-color:rgba(255,255,255,0);\"><h2 class=\"entry-title fusion-post-title\"><a href=\"https:\/\/www.ecotip.si\/en\/filter\/filter-cell-ecofil-ka-r-pe-40\/?portfolioCats=93%2C94\">Filter cell Ecofil KA\/R PE 40<\/a><\/h2><div class=\"fusion-portfolio-meta\"><a href=\"https:\/\/www.ecotip.si\/en\/filter-ecotip\/filter-cells-g2-g4-en\/\" rel=\"tag\">Filter cells G2 \u2013 G4<\/a><\/div><div class=\"fusion-content-sep sep-single sep-solid\" style=\"border-color:#e5e5e5;\"><\/div><div class=\"fusion-post-content\"><p>  Filter class: G4 Frame: Galvanized steel, plastic, cardboard<\/p><\/div><\/div><\/div><\/article><article id=\"portfolio-1-post-3405\" class=\"fusion-portfolio-post filter-cells-g2-g4-en fusion-col-spacing post-3405\"><div class=\"fusion-portfolio-content-wrapper\" style=\"border:1px solid #e5e5e5;border-bottom-width:3px;background-color:rgba(255,255,255,0);\"><span class=\"vcard rich-snippet-hidden\"><span class=\"fn\"><a href=\"https:\/\/www.ecotip.si\/en\/author\/jadelight\/\" title=\"Posts by jadelight\" rel=\"author\">jadelight<\/a><\/span><\/span><span class=\"updated rich-snippet-hidden\">2020-09-30T22:28:07+02:00<\/span><div  class=\"fusion-image-wrapper\" aria-haspopup=\"true\">\n\t\t\t\t<img decoding=\"async\" width=\"740\" height=\"494\" src=\"https:\/\/www.ecotip.si\/wp-content\/uploads\/2018\/08\/kasetni-filtri-ecofil-mf-km-20-30.jpg\" class=\"attachment-full size-full wp-post-image\" alt=\"\" srcset=\"https:\/\/www.ecotip.si\/wp-content\/uploads\/2018\/08\/kasetni-filtri-ecofil-mf-km-20-30-200x134.jpg 200w, https:\/\/www.ecotip.si\/wp-content\/uploads\/2018\/08\/kasetni-filtri-ecofil-mf-km-20-30-400x267.jpg 400w, https:\/\/www.ecotip.si\/wp-content\/uploads\/2018\/08\/kasetni-filtri-ecofil-mf-km-20-30-600x401.jpg 600w, https:\/\/www.ecotip.si\/wp-content\/uploads\/2018\/08\/kasetni-filtri-ecofil-mf-km-20-30.jpg 740w\" sizes=\"(min-width: 2200px) 100vw, (min-width: 824px) 433px, (min-width: 732px) 650px, (min-width: 640px) 732px, \" \/><div class=\"fusion-rollover\">\n\t<div class=\"fusion-rollover-content\">\n\n\t\t\t\t\t\t\t\t\t\t\t\t\t\t<a class=\"fusion-rollover-link\" href=\"https:\/\/www.ecotip.si\/en\/filter\/filter-cell-ecofil-mf-km-20-30\/?portfolioCats=93%2C94\">Filter cell Ecofil MF KM 20\/30<\/a>\n\t\t\t\n\t\t\t\t\t\t\t\t\n\t\t\n\t\t\t\t\t\t\t\t\n\t\t\t\t\t\t\t\t\n\t\t\n\t\t\t\t\t\t<a class=\"fusion-link-wrapper\" href=\"https:\/\/www.ecotip.si\/en\/filter\/filter-cell-ecofil-mf-km-20-30\/?portfolioCats=93%2C94\" aria-label=\"Filter cell Ecofil MF KM 20\/30\"><\/a>\n\t<\/div>\n<\/div>\n<\/div>\n<div class=\"fusion-portfolio-content\" style=\"background-color:rgba(255,255,255,0);\"><h2 class=\"entry-title fusion-post-title\"><a href=\"https:\/\/www.ecotip.si\/en\/filter\/filter-cell-ecofil-mf-km-20-30\/?portfolioCats=93%2C94\">Filter cell Ecofil MF KM 20\/30<\/a><\/h2><div class=\"fusion-portfolio-meta\"><a href=\"https:\/\/www.ecotip.si\/en\/filter-ecotip\/filter-cells-g2-g4-en\/\" rel=\"tag\">Filter cells G2 \u2013 G4<\/a><\/div><div class=\"fusion-content-sep sep-single sep-solid\" style=\"border-color:#e5e5e5;\"><\/div><div class=\"fusion-post-content\"><p>Posebna razli\u010dica kasetnih filtrov z obojestransko ekspandirano mre\u017eo in ve\u010dslojnim polnilom.<\/p><\/div><\/div><\/div><\/article><article id=\"portfolio-1-post-3413\" class=\"fusion-portfolio-post filter-cells-m5-f9-en fusion-col-spacing post-3413\"><div class=\"fusion-portfolio-content-wrapper\" style=\"border:1px solid #e5e5e5;border-bottom-width:3px;background-color:rgba(255,255,255,0);\"><span class=\"vcard rich-snippet-hidden\"><span class=\"fn\"><a href=\"https:\/\/www.ecotip.si\/en\/author\/jadelight\/\" title=\"Posts by jadelight\" rel=\"author\">jadelight<\/a><\/span><\/span><span class=\"updated rich-snippet-hidden\">2020-09-30T22:33:47+02:00<\/span><div  class=\"fusion-image-wrapper\" aria-haspopup=\"true\">\n\t\t\t\t<img decoding=\"async\" width=\"740\" height=\"494\" src=\"https:\/\/www.ecotip.si\/wp-content\/uploads\/2018\/08\/kasetni-filtri-ecofil-ka-pe-40.jpg\" class=\"attachment-full size-full wp-post-image\" alt=\"\" srcset=\"https:\/\/www.ecotip.si\/wp-content\/uploads\/2018\/08\/kasetni-filtri-ecofil-ka-pe-40-200x134.jpg 200w, https:\/\/www.ecotip.si\/wp-content\/uploads\/2018\/08\/kasetni-filtri-ecofil-ka-pe-40-400x267.jpg 400w, https:\/\/www.ecotip.si\/wp-content\/uploads\/2018\/08\/kasetni-filtri-ecofil-ka-pe-40-600x401.jpg 600w, https:\/\/www.ecotip.si\/wp-content\/uploads\/2018\/08\/kasetni-filtri-ecofil-ka-pe-40.jpg 740w\" sizes=\"(min-width: 2200px) 100vw, (min-width: 824px) 433px, (min-width: 732px) 650px, (min-width: 640px) 732px, \" \/><div class=\"fusion-rollover\">\n\t<div class=\"fusion-rollover-content\">\n\n\t\t\t\t\t\t\t\t\t\t\t\t\t\t<a class=\"fusion-rollover-link\" href=\"https:\/\/www.ecotip.si\/en\/filter\/filter-cell-ecofil-ka-pe-50\/?portfolioCats=93%2C94\">Filter cell Ecofil KA PE 50<\/a>\n\t\t\t\n\t\t\t\t\t\t\t\t\n\t\t\n\t\t\t\t\t\t\t\t\n\t\t\t\t\t\t\t\t\n\t\t\n\t\t\t\t\t\t<a class=\"fusion-link-wrapper\" href=\"https:\/\/www.ecotip.si\/en\/filter\/filter-cell-ecofil-ka-pe-50\/?portfolioCats=93%2C94\" aria-label=\"Filter cell Ecofil KA PE 50\"><\/a>\n\t<\/div>\n<\/div>\n<\/div>\n<div class=\"fusion-portfolio-content\" style=\"background-color:rgba(255,255,255,0);\"><h2 class=\"entry-title fusion-post-title\"><a href=\"https:\/\/www.ecotip.si\/en\/filter\/filter-cell-ecofil-ka-pe-50\/?portfolioCats=93%2C94\">Filter cell Ecofil KA PE 50<\/a><\/h2><div class=\"fusion-portfolio-meta\"><a href=\"https:\/\/www.ecotip.si\/en\/filter-ecotip\/filter-cells-m5-f9-en\/\" rel=\"tag\">Filter cells M5 \u2013 F9<\/a><\/div><div class=\"fusion-content-sep sep-single sep-solid\" style=\"border-color:#e5e5e5;\"><\/div><div class=\"fusion-post-content\"><p>  Filter class: M5 Frame: Galvanized steel, cardboard Filter<\/p><\/div><\/div><\/div><\/article><article id=\"portfolio-1-post-3423\" class=\"fusion-portfolio-post filter-cells-m5-f9-en fusion-col-spacing post-3423\"><div class=\"fusion-portfolio-content-wrapper\" style=\"border:1px solid #e5e5e5;border-bottom-width:3px;background-color:rgba(255,255,255,0);\"><span class=\"vcard rich-snippet-hidden\"><span class=\"fn\"><a href=\"https:\/\/www.ecotip.si\/en\/author\/jadelight\/\" title=\"Posts by jadelight\" rel=\"author\">jadelight<\/a><\/span><\/span><span class=\"updated rich-snippet-hidden\">2020-09-30T22:37:47+02:00<\/span><div  class=\"fusion-image-wrapper\" aria-haspopup=\"true\">\n\t\t\t\t<img decoding=\"async\" width=\"740\" height=\"494\" src=\"https:\/\/www.ecotip.si\/wp-content\/uploads\/2018\/11\/kasetni-filtri-ecofil-ka-k-pe-50.jpg\" class=\"attachment-full size-full wp-post-image\" alt=\"\" srcset=\"https:\/\/www.ecotip.si\/wp-content\/uploads\/2018\/11\/kasetni-filtri-ecofil-ka-k-pe-50-200x134.jpg 200w, https:\/\/www.ecotip.si\/wp-content\/uploads\/2018\/11\/kasetni-filtri-ecofil-ka-k-pe-50-400x267.jpg 400w, https:\/\/www.ecotip.si\/wp-content\/uploads\/2018\/11\/kasetni-filtri-ecofil-ka-k-pe-50-600x401.jpg 600w, https:\/\/www.ecotip.si\/wp-content\/uploads\/2018\/11\/kasetni-filtri-ecofil-ka-k-pe-50.jpg 740w\" sizes=\"(min-width: 2200px) 100vw, (min-width: 824px) 433px, (min-width: 732px) 650px, (min-width: 640px) 732px, \" \/><div class=\"fusion-rollover\">\n\t<div class=\"fusion-rollover-content\">\n\n\t\t\t\t\t\t\t\t\t\t\t\t\t\t<a class=\"fusion-rollover-link\" href=\"https:\/\/www.ecotip.si\/en\/filter\/filter-cell-ecofil-ka-k-pe-50\/?portfolioCats=93%2C94\">Filter cell Ecofil KA\/K PE 50<\/a>\n\t\t\t\n\t\t\t\t\t\t\t\t\n\t\t\n\t\t\t\t\t\t\t\t\n\t\t\t\t\t\t\t\t\n\t\t\n\t\t\t\t\t\t<a class=\"fusion-link-wrapper\" href=\"https:\/\/www.ecotip.si\/en\/filter\/filter-cell-ecofil-ka-k-pe-50\/?portfolioCats=93%2C94\" aria-label=\"Filter cell Ecofil KA\/K PE 50\"><\/a>\n\t<\/div>\n<\/div>\n<\/div>\n<div class=\"fusion-portfolio-content\" style=\"background-color:rgba(255,255,255,0);\"><h2 class=\"entry-title fusion-post-title\"><a href=\"https:\/\/www.ecotip.si\/en\/filter\/filter-cell-ecofil-ka-k-pe-50\/?portfolioCats=93%2C94\">Filter cell Ecofil KA\/K PE 50<\/a><\/h2><div class=\"fusion-portfolio-meta\"><a href=\"https:\/\/www.ecotip.si\/en\/filter-ecotip\/filter-cells-m5-f9-en\/\" rel=\"tag\">Filter cells M5 \u2013 F9<\/a><\/div><div class=\"fusion-content-sep sep-single sep-solid\" style=\"border-color:#e5e5e5;\"><\/div><div class=\"fusion-post-content\"><p>  Filter class: M5 Frame: Galvanized steel, 8 \u2013<\/p><\/div><\/div><\/div><\/article><article id=\"portfolio-1-post-3433\" class=\"fusion-portfolio-post filter-cells-m5-f9-en fusion-col-spacing post-3433\"><div class=\"fusion-portfolio-content-wrapper\" style=\"border:1px solid #e5e5e5;border-bottom-width:3px;background-color:rgba(255,255,255,0);\"><span class=\"vcard rich-snippet-hidden\"><span class=\"fn\"><a href=\"https:\/\/www.ecotip.si\/en\/author\/jadelight\/\" title=\"Posts by jadelight\" rel=\"author\">jadelight<\/a><\/span><\/span><span class=\"updated rich-snippet-hidden\">2020-09-30T22:41:06+02:00<\/span><div  class=\"fusion-image-wrapper\" aria-haspopup=\"true\">\n\t\t\t\t<img decoding=\"async\" width=\"740\" height=\"494\" src=\"https:\/\/www.ecotip.si\/wp-content\/uploads\/2018\/08\/kasetni-filtri-ecofil-ka-r-pe-40.jpg\" class=\"attachment-full size-full wp-post-image\" alt=\"\" srcset=\"https:\/\/www.ecotip.si\/wp-content\/uploads\/2018\/08\/kasetni-filtri-ecofil-ka-r-pe-40-200x134.jpg 200w, https:\/\/www.ecotip.si\/wp-content\/uploads\/2018\/08\/kasetni-filtri-ecofil-ka-r-pe-40-400x267.jpg 400w, https:\/\/www.ecotip.si\/wp-content\/uploads\/2018\/08\/kasetni-filtri-ecofil-ka-r-pe-40-600x401.jpg 600w, https:\/\/www.ecotip.si\/wp-content\/uploads\/2018\/08\/kasetni-filtri-ecofil-ka-r-pe-40.jpg 740w\" sizes=\"(min-width: 2200px) 100vw, (min-width: 824px) 433px, (min-width: 732px) 650px, (min-width: 640px) 732px, \" \/><div class=\"fusion-rollover\">\n\t<div class=\"fusion-rollover-content\">\n\n\t\t\t\t\t\t\t\t\t\t\t\t\t\t<a class=\"fusion-rollover-link\" href=\"https:\/\/www.ecotip.si\/en\/filter\/filter-cell-ecofil-ka-r-pe-50\/?portfolioCats=93%2C94\">Filter cell Ecofil KA\/R PE 50<\/a>\n\t\t\t\n\t\t\t\t\t\t\t\t\n\t\t\n\t\t\t\t\t\t\t\t\n\t\t\t\t\t\t\t\t\n\t\t\n\t\t\t\t\t\t<a class=\"fusion-link-wrapper\" href=\"https:\/\/www.ecotip.si\/en\/filter\/filter-cell-ecofil-ka-r-pe-50\/?portfolioCats=93%2C94\" aria-label=\"Filter cell Ecofil KA\/R PE 50\"><\/a>\n\t<\/div>\n<\/div>\n<\/div>\n<div class=\"fusion-portfolio-content\" style=\"background-color:rgba(255,255,255,0);\"><h2 class=\"entry-title fusion-post-title\"><a href=\"https:\/\/www.ecotip.si\/en\/filter\/filter-cell-ecofil-ka-r-pe-50\/?portfolioCats=93%2C94\">Filter cell Ecofil KA\/R PE 50<\/a><\/h2><div class=\"fusion-portfolio-meta\"><a href=\"https:\/\/www.ecotip.si\/en\/filter-ecotip\/filter-cells-m5-f9-en\/\" rel=\"tag\">Filter cells M5 \u2013 F9<\/a><\/div><div class=\"fusion-content-sep sep-single sep-solid\" style=\"border-color:#e5e5e5;\"><\/div><div class=\"fusion-post-content\"><p>  Filter class: M5 (higher classes on request) Frame:<\/p><\/div><\/div><\/div><\/article><article id=\"portfolio-1-post-3444\" class=\"fusion-portfolio-post filter-cells-m5-f9-en fusion-col-spacing post-3444\"><div class=\"fusion-portfolio-content-wrapper\" style=\"border:1px solid #e5e5e5;border-bottom-width:3px;background-color:rgba(255,255,255,0);\"><span class=\"vcard rich-snippet-hidden\"><span class=\"fn\"><a href=\"https:\/\/www.ecotip.si\/en\/author\/jadelight\/\" title=\"Posts by jadelight\" rel=\"author\">jadelight<\/a><\/span><\/span><span class=\"updated rich-snippet-hidden\">2020-09-30T22:55:41+02:00<\/span><div  class=\"fusion-image-wrapper\" aria-haspopup=\"true\">\n\t\t\t\t<img decoding=\"async\" width=\"740\" height=\"494\" src=\"https:\/\/www.ecotip.si\/wp-content\/uploads\/2018\/11\/kasetni-filtri-ecofil-ka-pp-mp-50-95.jpg\" class=\"attachment-full size-full wp-post-image\" alt=\"\" srcset=\"https:\/\/www.ecotip.si\/wp-content\/uploads\/2018\/11\/kasetni-filtri-ecofil-ka-pp-mp-50-95-200x134.jpg 200w, https:\/\/www.ecotip.si\/wp-content\/uploads\/2018\/11\/kasetni-filtri-ecofil-ka-pp-mp-50-95-400x267.jpg 400w, https:\/\/www.ecotip.si\/wp-content\/uploads\/2018\/11\/kasetni-filtri-ecofil-ka-pp-mp-50-95-600x401.jpg 600w, https:\/\/www.ecotip.si\/wp-content\/uploads\/2018\/11\/kasetni-filtri-ecofil-ka-pp-mp-50-95.jpg 740w\" sizes=\"(min-width: 2200px) 100vw, (min-width: 824px) 433px, (min-width: 732px) 650px, (min-width: 640px) 732px, \" \/><div class=\"fusion-rollover\">\n\t<div class=\"fusion-rollover-content\">\n\n\t\t\t\t\t\t\t\t\t\t\t\t\t\t<a class=\"fusion-rollover-link\" href=\"https:\/\/www.ecotip.si\/en\/filter\/filter-cell-ecofil-ka-pp-mp-50-95\/?portfolioCats=93%2C94\">Filter cell Ecofil KA PP MP 50 &#8211; 95<\/a>\n\t\t\t\n\t\t\t\t\t\t\t\t\n\t\t\n\t\t\t\t\t\t\t\t\n\t\t\t\t\t\t\t\t\n\t\t\n\t\t\t\t\t\t<a class=\"fusion-link-wrapper\" href=\"https:\/\/www.ecotip.si\/en\/filter\/filter-cell-ecofil-ka-pp-mp-50-95\/?portfolioCats=93%2C94\" aria-label=\"Filter cell Ecofil KA PP MP 50 &#8211; 95\"><\/a>\n\t<\/div>\n<\/div>\n<\/div>\n<div class=\"fusion-portfolio-content\" style=\"background-color:rgba(255,255,255,0);\"><h2 class=\"entry-title fusion-post-title\"><a href=\"https:\/\/www.ecotip.si\/en\/filter\/filter-cell-ecofil-ka-pp-mp-50-95\/?portfolioCats=93%2C94\">Filter cell Ecofil KA PP MP 50 &#8211; 95<\/a><\/h2><div class=\"fusion-portfolio-meta\"><a href=\"https:\/\/www.ecotip.si\/en\/filter-ecotip\/filter-cells-m5-f9-en\/\" rel=\"tag\">Filter cells M5 \u2013 F9<\/a><\/div><div class=\"fusion-content-sep sep-single sep-solid\" style=\"border-color:#e5e5e5;\"><\/div><div class=\"fusion-post-content\"><p>  Filter class: M5 \u2013 F9 Frame: Galvanized steel,<\/p><\/div><\/div><\/div><\/article><\/div><\/div><\/div><\/div><\/div><\/div>\n","protected":false},"excerpt":{"rendered":"","protected":false},"author":1,"featured_media":0,"parent":463,"menu_order":0,"comment_status":"closed","ping_status":"closed","template":"","meta":{"footnotes":""},"class_list":["post-3360","page","type-page","status-publish","hentry"],"_links":{"self":[{"href":"https:\/\/www.ecotip.si\/en\/wp-json\/wp\/v2\/pages\/3360","targetHints":{"allow":["GET"]}}],"collection":[{"href":"https:\/\/www.ecotip.si\/en\/wp-json\/wp\/v2\/pages"}],"about":[{"href":"https:\/\/www.ecotip.si\/en\/wp-json\/wp\/v2\/types\/page"}],"author":[{"embeddable":true,"href":"https:\/\/www.ecotip.si\/en\/wp-json\/wp\/v2\/users\/1"}],"replies":[{"embeddable":true,"href":"https:\/\/www.ecotip.si\/en\/wp-json\/wp\/v2\/comments?post=3360"}],"version-history":[{"count":0,"href":"https:\/\/www.ecotip.si\/en\/wp-json\/wp\/v2\/pages\/3360\/revisions"}],"up":[{"embeddable":true,"href":"https:\/\/www.ecotip.si\/en\/wp-json\/wp\/v2\/pages\/463"}],"wp:attachment":[{"href":"https:\/\/www.ecotip.si\/en\/wp-json\/wp\/v2\/media?parent=3360"}],"curies":[{"name":"wp","href":"https:\/\/api.w.org\/{rel}","templated":true}]}}