{"id":462,"date":"2018-06-04T08:05:53","date_gmt":"2018-06-04T07:05:53","guid":{"rendered":"https:\/\/www.ecotip.si\/?page_id=462"},"modified":"2023-11-05T12:36:32","modified_gmt":"2023-11-05T11:36:32","slug":"privacy-policy","status":"publish","type":"page","link":"https:\/\/www.ecotip.si\/de\/privacy-policy\/","title":{"rendered":"Politika zasebnosti"},"content":{"rendered":"<div class=\"fusion-fullwidth fullwidth-box fusion-builder-row-1 fusion-flex-container nonhundred-percent-fullwidth non-hundred-percent-height-scrolling\" style=\"--awb-border-radius-top-left:0px;--awb-border-radius-top-right:0px;--awb-border-radius-bottom-right:0px;--awb-border-radius-bottom-left:0px;--awb-flex-wrap:wrap;\" ><div class=\"fusion-builder-row fusion-row fusion-flex-align-items-flex-start fusion-flex-content-wrap\" style=\"max-width:1414.4px;margin-left: calc(-4% \/ 2 );margin-right: calc(-4% \/ 2 );\"><div class=\"fusion-layout-column fusion_builder_column fusion-builder-column-0 fusion_builder_column_1_1 1_1 fusion-flex-column\" style=\"--awb-bg-size:cover;--awb-width-large:100%;--awb-margin-top-large:0px;--awb-spacing-right-large:1.92%;--awb-margin-bottom-large:0px;--awb-spacing-left-large:1.92%;--awb-width-medium:100%;--awb-spacing-right-medium:1.92%;--awb-spacing-left-medium:1.92%;--awb-width-small:100%;--awb-spacing-right-small:1.92%;--awb-spacing-left-small:1.92%;\"><div class=\"fusion-column-wrapper fusion-flex-justify-content-flex-start fusion-content-layout-column\"><div class=\"fusion-text fusion-text-1\"><p>Ta politika zasebnosti ureja zbiranje, hrambo in obdelavo osebnih podatkov, ki jih ECOTIP d.o.o. &amp; FILTER d.o.o. v soupravljanju zbira od vas, ko obi\u0161\u010dete spletno stran, se naro\u010dite na prejemanje vsebin kot so e-novice, vabila na dogodke ali podobno.<\/p>\n<h3>Upravljavec<\/h3>\n<p>Upravljavec osebnih podatkov v pomenu, kot ga dolo\u010data Splo\u0161na uredba EU o varstvu osebnih podatkov in veljavni zakon, ki ureja varstvo osebnih podatkov je:<\/p>\n<p>ECOTIP d.o.o. &amp; FILTER d.o.o. v soupravljanju<br \/>\nTovarni\u0161ka cesta 4A<br \/>\n3210 Slovenske Konjice<br \/>\nID za DDV: SI11862521<br \/>\nMati\u010dna \u0161tevilka: 5784468000<\/p>\n<h3>Osebni podatki in namen njihove obdelave<\/h3>\n<p>V kolikor \u017eelite prejemati vsebine ECOTIP d.o.o. &amp; FILTER d.o.o. v soupravljanju se lahko prijavite ali odjavite na naslednje obdelave:<\/p>\n<ul>\n<li>ob\u010dasne e-novice<\/li>\n<li>redne e-novice<\/li>\n<li>vabila na dogodke<\/li>\n<li>obvestila o posebnih akcijah in prilo\u017enostih<\/li>\n<li>publikacije<\/li>\n<\/ul>\n<p>Z izpolnitvijo teh obrazcev, naro\u010dilnice, prijave oziroma registracije in potrditvijo posredujete ECOTIP d.o.o. &amp; FILTER d.o.o. v soupravljanju naslednje kontaktne podatke:<\/p>\n<ul>\n<li>ime<\/li>\n<li>priimek<\/li>\n<li>e-po\u0161tni naslov<\/li>\n<li>telefonsko \u0161tevilko<\/li>\n<\/ul>\n<p>Kontaktne podatke, ki nam jih posredujete ob izpolnitvi oz. oddaji teh obrazcev, naro\u010dilnice, prijave oziroma registracije potrebujemo za obdelavo va\u0161ega naro\u010dila in za komunikacijo z vami glede konkretnih e-novic, dogodkov, obvestil o posebnih akcijah ali publikacij. ECOTIP d.o.o. &amp; FILTER d.o.o. v soupravljanju spo\u0161tuje va\u0161o zasebnost in je zavezana, da pri zbiranju, hrambi in obdelavi osebnih podatkov ravna skrbno in v skladu z veljavnimi predpisi o varstvu osebnih podatkov. Ker obstajajo v spletnem informacijskem sistemu ECOTIP d.o.o. &amp; FILTER d.o.o. v soupravljanju povezave na druge, zunanje spletne strani, ki niso neposredno vezane na ECOTIP d.o.o. &amp; FILTER d.o.o. v soupravljanju, ne prevzemamo nikakr\u0161ne odgovornosti za za\u0161\u010dito podatkov na teh spletnih straneh. Da bi prepre\u010dili nepoobla\u0161\u010den dostop do pridobljenih podatkov ali njihovo razkritje, ohranili natan\u010dnost osebnih podatkov in zagotovili njihovo ustrezno uporabo, uporabljamo ustrezne tehni\u010dne in organizacijske postopke za zavarovanje podatkov, ki jih zbiramo. ECOTIP d.o.o. &amp; FILTER d.o.o. v soupravljanju ne more v celoti izklju\u010diti morebitnega odtekanja ali zlorabe podatkov, saj so spletne tehnologije odprte za javnost in tako lahko \u017ertev ra\u010dunalni\u0161kih vdorov in kot take nepredvidljive.<\/p>\n<p><strong>OPOZORILO: EU GDPR ne predpisuje posebnih tehni\u010dnih ukrepov varovanja identitete ponudnika spletne strani oz. upravljavca, kot tudi ne predpisuje izkazovanja identitete obiskovalca spletne strani. Zato so zahteve po varovanju osebnih podatkov do dopolnitve predpisa o varovanju in obveznosti izkazovanja identitete upravljavca prepu\u0161\u010dene posamezniku, da se sam odlo\u010da ali verjame izkazani neza\u0161\u010diteni identiteti upravljavca, ki naj bi jo upravljal. Upravljavec tudi ne jam\u010di, da je lahko prepri\u010dan, da je strinjanje pridobil od posameznika, ki naj bi se strinjal s pogoji obve\u0161\u010danja, saj se posameznik proti upravljavcu v postopku potrjevanja ne identificira na enoli\u010den in preverljiv na\u010din.<\/strong><\/p>\n<p>Seznam spletnih mest, ki jih upravlja upravljalec.<\/p>\n<p>Podjetje ECOTIP d.o.o. &amp; FILTER d.o.o. v soupravljanju upravlja naslednje spletne strani:<\/p>\n<table width=\"100%\">\n<tbody>\n<tr>\n<td>Spletne strani<\/td>\n<td>Opis spletne strani<\/td>\n<\/tr>\n<tr>\n<td>ecotip.si<\/td>\n<td>predstavitvena spletna stran<\/td>\n<\/tr>\n<\/tbody>\n<\/table>\n<p><strong>Osebni podatek, ki ga dobimo takoj ob va\u0161em obisku spletne strani, je IP obiskovalca na\u0161e spletne strani. Ker z osebnimi podatki smemo upravljati samo v primeru privolitve uporabnika, vas prosimo, da si preberete celoten dokument in potrdite strinjanje z na\u0161o politiko zasebnosti.<\/strong><\/p>\n<h3>Soglasje<\/h3>\n<p>Osebne podatke, ki nam jih posredujete ob prijavi na e-novice, dogodkih, obvestilih o posebnih prilo\u017enostih ali publikacij in ostale produkte ECOTIP d.o.o. &amp; FILTER d.o.o. v soupravljanju obdelujemo z va\u0161im jasnim in nedvoumnim soglasjem, ki temelji na \u010dlenu 6 (1), (a) Splo\u0161ne uredbe EU o varstvu osebnih podatkov (GDPR). Z namenom izbolj\u0161ave kakovosti na\u0161ih produktov in storitev in za statisti\u010dne namene, v zvezi z elektronskimi sporo\u010dili, ki vam jih po\u0161iljamo, obdelujemo tudi podatke o prikazih prejetih sporo\u010dil in klikih na povezave v prejetih sporo\u010dilih.<\/p>\n<p>Soglasje za obdelavo osebnih podatkov podate s tem, ko na spletnih straneh ECOTIP d.o.o. &amp; FILTER d.o.o. v soupravljanju na teh obrazcih, naro\u010dilnicah, prijavah oziroma registracijah vpi\u0161ete svoje osebne podatke in se strinjate z vsako posami\u010dno obdelavo na katero pristanete. Pri vpisu osebnih podatkov ECOTIP d.o.o. &amp; FILTER d.o.o. v soupravljanju ne pogojuje privolitve v obdelavo pri obdelavah, kjer namen presega osnovni namen obdelave zaradi katere ste pri\u0161li na spletno stran.<\/p>\n<p>Upravljavec ECOTIP d.o.o. &amp; FILTER d.o.o. v soupravljanju za obve\u0161\u010danje o spremembah pogojev poslovanja in spremembah politike zasebnosti uporablja storitev po\u0161iljanja dokazljive elektronske po\u0161te ali priporo\u010deno regularno po\u0161to. Zato boste o spremembah obve\u0161\u010deni na na\u010din, ki upravljavcu zagotavlja dokaz o pravo\u010dasni obve\u0161\u010denosti glede sprememb pogojev poslovanja oziroma politiki zasebnosti. Vse spremembe bodo objavljene tudi na spletni strani podjetja. Osebne podatke za namene, kot ga dolo\u010da veljavna zakonodaja in kjer ni potrebna privolitev, ker je pravna podlaga obstoje\u010da zakonodaja (npr. hranjenje ra\u010dunov, sklenjenih pogodb in podobno) hranimo in varujemo v skladu z Splo\u0161no uredbo EU o varstvu osebnih podatkov (GDPR).<\/p>\n<h3>Va\u0161e pravice<\/h3>\n<p>V skladu z dolo\u010dili Splo\u0161ne uredbe EU o varstvu osebnih podatkov (GDPR) imate pravico do dostopa do va\u0161ih osebnih podatkov, pravico do popravka, pravico do izbrisa (&#8222;pozabe&#8220;), pravico do prenosljivosti, pravico zahtevati omejitev obdelave osebnih podatkov in pravico do ugovora. \u010ce mislite, da so va\u0161e pravice na spletnih straneh podjetja ECOTIP d.o.o. &amp; FILTER d.o.o. v soupravljanju kakorkoli kr\u0161ene se lahko obrnete na: Informacijski poobla\u0161\u010denec Republike Slovenije (Zalo\u0161ka 59, 1000 Ljubljana, telefon: 01 230 97 30, faks: 01 230 97 78, e-po\u0161ta:gp.ip@ip-rs.si).<\/p>\n<h3>\u010cas hrambe osebnih podatkov<\/h3>\n<p>Va\u0161e osebne podatke hranimo toliko \u010dasa, kolikor je to potrebno za namen po\u0161iljanja vsebin novic, vabil na dogodke, publikacij. Rok hrambe osebnih podatkov se lahko razlikuje glede na veljavno sektorsko zakonodajo (npr. zakonodaja s podro\u010dja davkov, ra\u010dunovodstva). V primeru, ko veljavna sektorska zakonodaja dolo\u010da obvezne roke za hrambo osebnih podatkov, ECOTIP d.o.o. &amp; FILTER d.o.o. v soupravljanju izbri\u0161e osebne podatke po poteku z zakonom predpisanega obveznega roka.<\/p>\n<h3>Kaj so pi\u0161kotki?<\/h3>\n<p>Pi\u0161kotek je datoteka, ki shrani nastavitve spletnih strani. Spletna mesta pi\u0161kotke shranijo v naprave uporabnikov, s katerimi dostopajo do interneta z namenom prepoznavanja posameznih naprav in nastavitev, ki so jih uporabniki uporabili pri dostopu. Pi\u0161kotki omogo\u010dajo spletnim stranem prepoznavanje, \u010de je uporabnik \u017ee obiskal to spletno mesto in pri naprednih aplikacijah se lahko z njihovo pomo\u010djo ustrezno prilagodijo posamezne nastavitve. Njihovo shranjevanje je pod popolnim nadzorom brskalnika, ki ga uporablja uporabnik &#8211; ta lahko shranjevanje pi\u0161kotkov po \u017eelji omeji ali onemogo\u010di.<\/p>\n<h3>Zakaj so pi\u0161kotki potrebni?<\/h3>\n<p>Pi\u0161kotki so temeljnega pomena za zagotavljanje uporabniku prijaznih spletnih storitev; najpogostej\u0161e funkcije e-poslovanja ne bi bile mogo\u010de brez pi\u0161kotkov. Interakcija med spletnim uporabnikom in spletno stranjo je s pomo\u010djo pi\u0161kotkov hitrej\u0161a in enostavnej\u0161a. Z njihovo pomo\u010djo si spletna stran zapomni posameznikove preference in izku\u0161nje, brskanje po spletnih straneh pa je s tem bolj u\u010dinkovito in prijetno. Razlogov za uporabo pi\u0161kotkov je ve\u010d. Uporabljajo se za shranjevanje podatkov o stanju posamezne spletne strani (podrobnosti o prilagoditvah posamezne spletne strani), pomagajo pri izvajanju spletnih storitev (npr. spletne trgovine), pomagajo pri zbiranju statistik o uporabnikih in obiskanosti spletnega mesta, o navadah spletnega uporabnika , itd. S pomo\u010djo pi\u0161kotkov lahko torej ocenimo u\u010dinkovitost zasnove na\u0161ega spletnega mesta. O priporo\u010deni in dovoljeni uporabi pi\u0161kotkov na spletnih straneh si lahko preberete tudi smernice informacijskega poobla\u0161\u010denca za uporabo pi\u0161kotkov, ki jih najdete tukaj.<\/p>\n<table width=\"100%\">\n<tbody>\n<tr>\n<td>Spletne strani<\/td>\n<td>Ime pi\u0161kotka<\/td>\n<td>Trajanje<\/td>\n<td>Opis<\/td>\n<\/tr>\n<tr>\n<td>ecotip.si<\/td>\n<td>EuCookieLaw<\/td>\n<td>1 leto<\/td>\n<td>Shrani uporabnikove preference<\/td>\n<\/tr>\n<tr>\n<td>ecotip.si<\/td>\n<td>Google Analytics<\/td>\n<td>2 leti<\/td>\n<td>Zabele\u017ei razlikovanje med uporabniki in sejami<\/td>\n<\/tr>\n<\/tbody>\n<\/table>\n<table border=\"0\" width=\"100%\" cellspacing=\"0\" cellpadding=\"0\">\n<tbody>\n<tr>\n<td><strong>ID spletne strani<\/strong><\/td>\n<td colspan=\"4\">402<\/td>\n<\/tr>\n<tr>\n<td><strong>Najemnik<\/strong><\/td>\n<td colspan=\"4\">ECOTIP d.o.o.<\/td>\n<\/tr>\n<tr>\n<td><strong>Spletna stran<\/strong><\/td>\n<td colspan=\"4\">ecotip.si<\/td>\n<\/tr>\n<tr>\n<td><strong>Koda za dokument<\/strong><\/td>\n<td colspan=\"4\">99e9cff8-d8f7-4d02-b2c1-76fbee296260<\/td>\n<\/tr>\n<tr>\n<td rowspan=\"3\" valign=\"top\"><strong>Vsebina<\/strong><\/td>\n<td colspan=\"4\"><strong>Tehnolo\u0161ki opis spletne strani<\/strong><\/p>\n<p><strong>&#8211; Tabela pi\u0161kotkov (predmet strinjanja s pi\u0161kotki)<\/strong><\/p>\n<\/td>\n<\/tr>\n<tr>\n<td><strong>#Host<\/strong><br \/>\n1. ecotip.si<br \/>\n2. www.google.com<br \/>\n3. ecotip.si<br \/>\n4. ecotip.si<\/td>\n<td><strong>Path<\/strong><br \/>\n\/<br \/>\nrecaptcha_GRECAPTCHA<br \/>\n\/<br \/>\n\/<\/td>\n<td><strong>Name<\/strong><br \/>\n_ga<br \/>\n_GRECAPTCHA<br \/>\n_gid<br \/>\n_gat_gtag_UA_126666817_1<\/td>\n<td><strong>Expiry in days<\/strong><br \/>\nin 2 years<br \/>\nin a month<br \/>\n5 months ago<br \/>\n5 months ago<\/td>\n<\/tr>\n<tr>\n<td colspan=\"4\"><strong>&#8211; Zahtevki (va\u0161 IP \u2014 osebni podatek jim je Viden)<\/strong><\/p>\n<p>First-party<br \/>\n1. ecottp.si<\/p>\n<p>Third-party<br \/>\n1. www.ecotip.si<br \/>\n2. fonts.googleapis.com<br \/>\n3. www.googletagmanager.com<br \/>\n4. www.google.com<br \/>\n5. fonts.gstatic.com<br \/>\n6. www.gstatic.com<br \/>\n7. www.google-analytics.com<\/p>\n<p><strong>&#8211; Metode sledenja (sledenje in statistike spletnih strani)<\/strong><\/p>\n<p>First-party<\/p>\n<p>Third-Party<br \/>\n1. www.google-analytcs.com<br \/>\n2. www.googletagmanager.com<\/p>\n<p><strong>&#8211; Stre\u017eniki pi\u0161kotkov (ki vam servirajo pi\u0161kotke na va\u0161 ra\u010dunalnik)<\/strong><\/p>\n<p>First-Party<br \/>\n1. ecotip.si<\/p>\n<p>Third-Party<br \/>\nI. www.google.com<\/p>\n<p><strong>&#8211; Lokalna shramba (deluje podobno kot pi\u0161kotki z ve\u010djo koli\u010dino shranjenih informacij)<\/strong><\/p>\n<p>First-Party<\/p>\n<p>Third-Party<br \/>\n1. www.ecotip.si<br \/>\n2. www.google.com<\/p>\n<p><strong>&#8211; Povezave na spletni strani (\u010de jih ne kliknete, ne vplivajo na va\u0161o zasebnost)<\/strong><\/p>\n<p>First-Party<\/p>\n<p>Third-Party<br \/>\n1. www.ecotip.si<br \/>\n2. www.facebook.com<br \/>\n3. www.linkedin.com<br \/>\n4. www.mgrt.gov.si<br \/>\n5. www.spiritslovenia.si<\/p>\n<\/td>\n<\/tr>\n<\/tbody>\n<\/table>\n<p>Pi\u0161kotki, ki jih uporabljamo na na\u0161i spletni strani, ne zbirajo va\u0161ih dodatnih osebnih podatkov na katere niste pristali in s katerimi bi vas bilo mogo\u010de osebno prepoznati. Pi\u0161kotki ne morejo po\u0161kodovati va\u0161ega ra\u010dunalnika, tablice ali mobilnega telefona. Pi\u0161kotki omogo\u010dajo delovanje na\u0161ih spletnih mest in nam pomagajo razumeti, katere informacije so za obiskovalce najkoristnej\u0161i.<\/p>\n<h3>Priglasitev<\/h3>\n<p>Z uporabo teh spletnih mesta, kot so navedeni v seznamu spletnih mest, ki jih upravlja upravljavec se strinjate, da ta spletna mesta nastavijo pi\u0161kotke na va\u0161em ra\u010dunalniku ali mobilni napravi do preklica ali izbrisa do katerega imate pravico in jih v svojem brskalniku upravljate sami.<\/p>\n<h3>Upravljanje in brisanje pi\u0161kotkov<\/h3>\n<p>\u010ce \u017eelite spremeniti na\u010din uporabe pi\u0161kotkov v brskalniku, vklju\u010dno z blokiranjem ali izbrisom, lahko to storite z ustrezno spremembo nastavitev brskalnika. Za upravljanje pi\u0161kotkov vam ve\u010dina brskalnikov omogo\u010da, da sprejmete ali zavrnete vse pi\u0161kotke, sprejmete samo dolo\u010deno vrsto pi\u0161kotkov ali pa vas opozori, da stran \u017eeli shraniti pi\u0161kotek. Pi\u0161kotke, ki jih je brskalnik shranil, lahko tudi enostavno izbri\u0161ete. \u010ce spremenite ali izbri\u0161ete brskalnikovo datoteko s pi\u0161kotki, spremenite ali nagradite va\u0161 brskalnik ali napravo, boste morda morali ponovno onemogo\u010diti pi\u0161kotke. Postopek za upravljanje in brisanje pi\u0161kotkov se razlikuje od brskalnika do brskalnika. \u010ce pri tem potrebujete pomo\u010d, lahko pogledate v brskalnikovi pomo\u010di uporabnikom.<\/p>\n<\/p>\n<p>ECOTIP d.o.o. &amp; FILTER d.o.o. v soupravljanju zastopnik ECOTIP d.o.o.<\/p>\n<p>Tovarni\u0161ka cesta 4A,<br \/>\n3210 Slovenske Konjice<br \/>\nmaj 2022.<\/p>\n<\/div><\/div><\/div><\/div><\/div>\n","protected":false},"excerpt":{"rendered":"","protected":false},"author":1,"featured_media":0,"parent":0,"menu_order":0,"comment_status":"closed","ping_status":"open","template":"","meta":{"footnotes":""},"class_list":["post-462","page","type-page","status-publish","hentry"],"_links":{"self":[{"href":"https:\/\/www.ecotip.si\/de\/wp-json\/wp\/v2\/pages\/462","targetHints":{"allow":["GET"]}}],"collection":[{"href":"https:\/\/www.ecotip.si\/de\/wp-json\/wp\/v2\/pages"}],"about":[{"href":"https:\/\/www.ecotip.si\/de\/wp-json\/wp\/v2\/types\/page"}],"author":[{"embeddable":true,"href":"https:\/\/www.ecotip.si\/de\/wp-json\/wp\/v2\/users\/1"}],"replies":[{"embeddable":true,"href":"https:\/\/www.ecotip.si\/de\/wp-json\/wp\/v2\/comments?post=462"}],"version-history":[{"count":18,"href":"https:\/\/www.ecotip.si\/de\/wp-json\/wp\/v2\/pages\/462\/revisions"}],"predecessor-version":[{"id":4994,"href":"https:\/\/www.ecotip.si\/de\/wp-json\/wp\/v2\/pages\/462\/revisions\/4994"}],"wp:attachment":[{"href":"https:\/\/www.ecotip.si\/de\/wp-json\/wp\/v2\/media?parent=462"}],"curies":[{"name":"wp","href":"https:\/\/api.w.org\/{rel}","templated":true}]}}