{"id":3361,"date":"2020-09-30T21:29:38","date_gmt":"2020-09-30T19:29:38","guid":{"rendered":"https:\/\/www.ecotip.si\/luftfiltration\/kasetni-filtri\/"},"modified":"2020-10-06T08:53:13","modified_gmt":"2020-10-06T06:53:13","slug":"filterzellen","status":"publish","type":"page","link":"https:\/\/www.ecotip.si\/de\/luftfiltration\/filterzellen\/","title":{"rendered":"Filterzellen"},"content":{"rendered":"<div class=\"fusion-fullwidth fullwidth-box fusion-builder-row-1 fusion-flex-container nonhundred-percent-fullwidth non-hundred-percent-height-scrolling\" style=\"--awb-border-radius-top-left:0px;--awb-border-radius-top-right:0px;--awb-border-radius-bottom-right:0px;--awb-border-radius-bottom-left:0px;--awb-flex-wrap:wrap;\" ><div class=\"fusion-builder-row fusion-row fusion-flex-align-items-flex-start fusion-flex-content-wrap\" style=\"max-width:1414.4px;margin-left: calc(-4% \/ 2 );margin-right: calc(-4% \/ 2 );\"><div class=\"fusion-layout-column fusion_builder_column fusion-builder-column-0 fusion_builder_column_1_1 1_1 fusion-flex-column\" style=\"--awb-bg-size:cover;--awb-width-large:100%;--awb-margin-top-large:0px;--awb-spacing-right-large:1.92%;--awb-margin-bottom-large:20px;--awb-spacing-left-large:1.92%;--awb-width-medium:100%;--awb-order-medium:0;--awb-spacing-right-medium:1.92%;--awb-spacing-left-medium:1.92%;--awb-width-small:100%;--awb-order-small:0;--awb-spacing-right-small:1.92%;--awb-spacing-left-small:1.92%;\"><div class=\"fusion-column-wrapper fusion-column-has-shadow fusion-flex-justify-content-flex-start fusion-content-layout-column\"><div class=\"fusion-text fusion-text-1\"><h1>Filterzellen<\/h1>\n<h3>ISO Coarse in ISO ePM filtration<\/h3>\n<p>Ecofil Filterzellen werden aus Hochleistungsfiltermedium hergestellt, das geringe Druckdifferenzen erm\u00f6glicht. In der anspruchsvollen Vorfiltration werden diese als gerade oder plissierte Varianten verwendet, die h\u00f6here Luftdurchl\u00e4ssigkeit und Staubr\u00fcckhaltung als die flache Variante erm\u00f6glicht, weil die Filterzellen eine dreifach gr\u00f6\u00dfere Filterfl\u00e4che als herk\u00f6mmliche Filterzellen haben. Deswegen sind die Geschwindigkeiten durch den Filter niedriger und die Druckdifferenzen kleiner. Die Energiekosten werden deutlich gesenkt. Die Verwendung der undurchl\u00e4ssigen \u201ehot-melt\u201c Verklebung erschafft bei einigen Modellen maximale Verdichtung zwischen dem Filtermedium und Filterrahmen, was den Luftdurchfluss auch am Filterrand erm\u00f6glicht. Die scharfe \u201eV\u201c- Form des Plissees erm\u00f6glicht maximale Tiefenwirkung.<\/p>\n<p>Als Standardabmessung oder in Sondergr\u00f6\u00dfen und -Breiten auf Kundenwunsch. Unterschiedliche Rahmentypen erm\u00f6glichen sichere Abdichtung zum Filtermedium, hohe Steifigkeit und Ma\u00dfhaltigkeit sowie die M\u00f6glichkeit der r\u00fcckstandsfreien Verbrennung. Filterzellen sind feuchtigkeitsbest\u00e4ndig, wasserabweisend und mikrobiologisch inert. Die Verwendung der vollsynthetischen Materialien erm\u00f6glicht einen hygienisch einwandfreien Betrieb nach Richtlinie VDI 6022. Die Filtermedien enthalten keine Bindemittel, L\u00f6sungsmittel oder Farbstoffe.<\/p>\n<\/div><style type=\"text\/css\">.fusion-portfolio-wrapper#fusion-portfolio-1 .fusion-portfolio-content{ padding: 25px 25px 25px 25px; text-align: left; }<\/style><div class=\"fusion-recent-works fusion-portfolio-element fusion-portfolio fusion-portfolio-1 fusion-portfolio-grid fusion-portfolio-paging-pagination fusion-portfolio-three fusion-portfolio-boxed fusion-portfolio-text fusion-portfolio-equal-heights fusion-portfolio-rollover\" data-id=\"-rw-1\" data-columns=\"three\"><div><ul class=\"fusion-filters\" role=\"menu\" aria-label=\"Portfolio Filters\"><li role=\"presentation\" class=\"fusion-filter fusion-filter-all fusion-active\"><a href=\"#\" data-filter=\"*\" role=\"menuitem\">All<\/a><\/li><li role=\"presentation\" class=\"fusion-filter fusion-hidden\"><a href=\"#\" data-filter=\".filterzellen-g2-g4-de\" role=\"menuitem\">Filterzellen G2 \u2013 G4<\/a><\/li><li role=\"presentation\" class=\"fusion-filter fusion-hidden\"><a href=\"#\" data-filter=\".filterzellen-m5-f9-de\" role=\"menuitem\">Filterzellen M5 \u2013 F9<\/a><\/li><\/ul><\/div><style type=\"text\/css\">.fusion-portfolio-1 .fusion-portfolio-wrapper .fusion-col-spacing{padding:15px;}<\/style><div class=\"fusion-portfolio-wrapper\" id=\"fusion-portfolio-1\" data-picturesize=\"auto\" data-pages=\"1\" style=\"margin:-15px;\"><article id=\"portfolio-1-post-3371\" class=\"fusion-portfolio-post filterzellen-g2-g4-de fusion-col-spacing post-3371\"><div class=\"fusion-portfolio-content-wrapper\" style=\"border:1px solid #e5e5e5;border-bottom-width:3px;background-color:rgba(255,255,255,0);\"><span class=\"vcard rich-snippet-hidden\"><span class=\"fn\"><a href=\"https:\/\/www.ecotip.si\/de\/author\/jadelight\/\" title=\"Beitr\u00e4ge von jadelight\" rel=\"author\">jadelight<\/a><\/span><\/span><span class=\"updated rich-snippet-hidden\">2020-09-30T22:09:35+02:00<\/span><div  class=\"fusion-image-wrapper\" aria-haspopup=\"true\">\n\t\t\t\t<img decoding=\"async\" width=\"740\" height=\"494\" src=\"https:\/\/www.ecotip.si\/wp-content\/uploads\/2018\/08\/kasetni-filtri-ecofil-ka-pe-40.jpg\" class=\"attachment-full size-full wp-post-image\" alt=\"\" srcset=\"https:\/\/www.ecotip.si\/wp-content\/uploads\/2018\/08\/kasetni-filtri-ecofil-ka-pe-40-200x134.jpg 200w, https:\/\/www.ecotip.si\/wp-content\/uploads\/2018\/08\/kasetni-filtri-ecofil-ka-pe-40-400x267.jpg 400w, https:\/\/www.ecotip.si\/wp-content\/uploads\/2018\/08\/kasetni-filtri-ecofil-ka-pe-40-600x401.jpg 600w, https:\/\/www.ecotip.si\/wp-content\/uploads\/2018\/08\/kasetni-filtri-ecofil-ka-pe-40.jpg 740w\" sizes=\"(min-width: 2200px) 100vw, (min-width: 824px) 433px, (min-width: 732px) 650px, (min-width: 640px) 732px, \" \/><div class=\"fusion-rollover\">\n\t<div class=\"fusion-rollover-content\">\n\n\t\t\t\t\t\t\t\t\t\t\t\t\t\t<a class=\"fusion-rollover-link\" href=\"https:\/\/www.ecotip.si\/de\/filter\/filterzellen-ecofil-ka-pe-40\/?portfolioCats=95%2C96\">Filterzellen Ecofil KA PE 40<\/a>\n\t\t\t\n\t\t\t\t\t\t\t\t\n\t\t\n\t\t\t\t\t\t\t\t\n\t\t\t\t\t\t\t\t\n\t\t\n\t\t\t\t\t\t<a class=\"fusion-link-wrapper\" href=\"https:\/\/www.ecotip.si\/de\/filter\/filterzellen-ecofil-ka-pe-40\/?portfolioCats=95%2C96\" aria-label=\"Filterzellen Ecofil KA PE 40\"><\/a>\n\t<\/div>\n<\/div>\n<\/div>\n<div class=\"fusion-portfolio-content\" style=\"background-color:rgba(255,255,255,0);\"><h2 class=\"entry-title fusion-post-title\"><a href=\"https:\/\/www.ecotip.si\/de\/filter\/filterzellen-ecofil-ka-pe-40\/?portfolioCats=95%2C96\">Filterzellen Ecofil KA PE 40<\/a><\/h2><div class=\"fusion-portfolio-meta\"><a href=\"https:\/\/www.ecotip.si\/de\/filter-ecotip\/filterzellen-g2-g4-de\/\" rel=\"tag\">Filterzellen G2 \u2013 G4<\/a><\/div><div class=\"fusion-content-sep sep-single sep-solid\" style=\"border-color:#e5e5e5;\"><\/div><div class=\"fusion-post-content\"><p>  Filterklasse: G4 Rahmen: Verzinkter Stahl, Karton Filtermedium: Polyester<\/p><\/div><\/div><\/div><\/article><article id=\"portfolio-1-post-3383\" class=\"fusion-portfolio-post filterzellen-g2-g4-de fusion-col-spacing post-3383\"><div class=\"fusion-portfolio-content-wrapper\" style=\"border:1px solid #e5e5e5;border-bottom-width:3px;background-color:rgba(255,255,255,0);\"><span class=\"vcard rich-snippet-hidden\"><span class=\"fn\"><a href=\"https:\/\/www.ecotip.si\/de\/author\/jadelight\/\" title=\"Beitr\u00e4ge von jadelight\" rel=\"author\">jadelight<\/a><\/span><\/span><span class=\"updated rich-snippet-hidden\">2025-07-13T18:29:43+02:00<\/span><div  class=\"fusion-image-wrapper\" aria-haspopup=\"true\">\n\t\t\t\t<img decoding=\"async\" width=\"740\" height=\"494\" src=\"https:\/\/www.ecotip.si\/wp-content\/uploads\/2018\/08\/kasetni-filtri-ecofil-ka-k-pe-20-40.jpg\" class=\"attachment-full size-full wp-post-image\" alt=\"\" srcset=\"https:\/\/www.ecotip.si\/wp-content\/uploads\/2018\/08\/kasetni-filtri-ecofil-ka-k-pe-20-40-200x134.jpg 200w, https:\/\/www.ecotip.si\/wp-content\/uploads\/2018\/08\/kasetni-filtri-ecofil-ka-k-pe-20-40-400x267.jpg 400w, https:\/\/www.ecotip.si\/wp-content\/uploads\/2018\/08\/kasetni-filtri-ecofil-ka-k-pe-20-40-600x401.jpg 600w, https:\/\/www.ecotip.si\/wp-content\/uploads\/2018\/08\/kasetni-filtri-ecofil-ka-k-pe-20-40.jpg 740w\" sizes=\"(min-width: 2200px) 100vw, (min-width: 824px) 433px, (min-width: 732px) 650px, (min-width: 640px) 732px, \" \/><div class=\"fusion-rollover\">\n\t<div class=\"fusion-rollover-content\">\n\n\t\t\t\t\t\t\t\t\t\t\t\t\t\t<a class=\"fusion-rollover-link\" href=\"https:\/\/www.ecotip.si\/de\/filter\/filterzellen-ecofil-ka-k-pe-20-40\/?portfolioCats=95%2C96\">Filterzellen Ecofil KA\/K PE 20-40<\/a>\n\t\t\t\n\t\t\t\t\t\t\t\t\n\t\t\n\t\t\t\t\t\t\t\t\n\t\t\t\t\t\t\t\t\n\t\t\n\t\t\t\t\t\t<a class=\"fusion-link-wrapper\" href=\"https:\/\/www.ecotip.si\/de\/filter\/filterzellen-ecofil-ka-k-pe-20-40\/?portfolioCats=95%2C96\" aria-label=\"Filterzellen Ecofil KA\/K PE 20-40\"><\/a>\n\t<\/div>\n<\/div>\n<\/div>\n<div class=\"fusion-portfolio-content\" style=\"background-color:rgba(255,255,255,0);\"><h2 class=\"entry-title fusion-post-title\"><a href=\"https:\/\/www.ecotip.si\/de\/filter\/filterzellen-ecofil-ka-k-pe-20-40\/?portfolioCats=95%2C96\">Filterzellen Ecofil KA\/K PE 20-40<\/a><\/h2><div class=\"fusion-portfolio-meta\"><a href=\"https:\/\/www.ecotip.si\/de\/filter-ecotip\/filterzellen-g2-g4-de\/\" rel=\"tag\">Filterzellen G2 \u2013 G4<\/a><\/div><div class=\"fusion-content-sep sep-single sep-solid\" style=\"border-color:#e5e5e5;\"><\/div><div class=\"fusion-post-content\"><p>  Filterklasse: G2 \u2013 G4 Rahmen: Verzinkter Stahl, 8<\/p><\/div><\/div><\/div><\/article><article id=\"portfolio-1-post-3394\" class=\"fusion-portfolio-post filterzellen-g2-g4-de fusion-col-spacing post-3394\"><div class=\"fusion-portfolio-content-wrapper\" style=\"border:1px solid #e5e5e5;border-bottom-width:3px;background-color:rgba(255,255,255,0);\"><span class=\"vcard rich-snippet-hidden\"><span class=\"fn\"><a href=\"https:\/\/www.ecotip.si\/de\/author\/jadelight\/\" title=\"Beitr\u00e4ge von jadelight\" rel=\"author\">jadelight<\/a><\/span><\/span><span class=\"updated rich-snippet-hidden\">2020-09-30T22:22:51+02:00<\/span><div  class=\"fusion-image-wrapper\" aria-haspopup=\"true\">\n\t\t\t\t<img decoding=\"async\" width=\"740\" height=\"494\" src=\"https:\/\/www.ecotip.si\/wp-content\/uploads\/2018\/08\/kasetni-filtri-ecofil-ka-r-pe-40.jpg\" class=\"attachment-full size-full wp-post-image\" alt=\"\" srcset=\"https:\/\/www.ecotip.si\/wp-content\/uploads\/2018\/08\/kasetni-filtri-ecofil-ka-r-pe-40-200x134.jpg 200w, https:\/\/www.ecotip.si\/wp-content\/uploads\/2018\/08\/kasetni-filtri-ecofil-ka-r-pe-40-400x267.jpg 400w, https:\/\/www.ecotip.si\/wp-content\/uploads\/2018\/08\/kasetni-filtri-ecofil-ka-r-pe-40-600x401.jpg 600w, https:\/\/www.ecotip.si\/wp-content\/uploads\/2018\/08\/kasetni-filtri-ecofil-ka-r-pe-40.jpg 740w\" sizes=\"(min-width: 2200px) 100vw, (min-width: 824px) 433px, (min-width: 732px) 650px, (min-width: 640px) 732px, \" \/><div class=\"fusion-rollover\">\n\t<div class=\"fusion-rollover-content\">\n\n\t\t\t\t\t\t\t\t\t\t\t\t\t\t<a class=\"fusion-rollover-link\" href=\"https:\/\/www.ecotip.si\/de\/filter\/filterzellen-ecofil-ka-r-pe-40\/?portfolioCats=95%2C96\">Filterzellen Ecofil KA\/R PE 40<\/a>\n\t\t\t\n\t\t\t\t\t\t\t\t\n\t\t\n\t\t\t\t\t\t\t\t\n\t\t\t\t\t\t\t\t\n\t\t\n\t\t\t\t\t\t<a class=\"fusion-link-wrapper\" href=\"https:\/\/www.ecotip.si\/de\/filter\/filterzellen-ecofil-ka-r-pe-40\/?portfolioCats=95%2C96\" aria-label=\"Filterzellen Ecofil KA\/R PE 40\"><\/a>\n\t<\/div>\n<\/div>\n<\/div>\n<div class=\"fusion-portfolio-content\" style=\"background-color:rgba(255,255,255,0);\"><h2 class=\"entry-title fusion-post-title\"><a href=\"https:\/\/www.ecotip.si\/de\/filter\/filterzellen-ecofil-ka-r-pe-40\/?portfolioCats=95%2C96\">Filterzellen Ecofil KA\/R PE 40<\/a><\/h2><div class=\"fusion-portfolio-meta\"><a href=\"https:\/\/www.ecotip.si\/de\/filter-ecotip\/filterzellen-g2-g4-de\/\" rel=\"tag\">Filterzellen G2 \u2013 G4<\/a><\/div><div class=\"fusion-content-sep sep-single sep-solid\" style=\"border-color:#e5e5e5;\"><\/div><div class=\"fusion-post-content\"><p>  Filterklasse: G4 Rahmen: Verzinkter Stahl, Kunststoff, Karton Filtermedium:<\/p><\/div><\/div><\/div><\/article><article id=\"portfolio-1-post-3406\" class=\"fusion-portfolio-post filterzellen-g2-g4-de fusion-col-spacing post-3406\"><div class=\"fusion-portfolio-content-wrapper\" style=\"border:1px solid #e5e5e5;border-bottom-width:3px;background-color:rgba(255,255,255,0);\"><span class=\"vcard rich-snippet-hidden\"><span class=\"fn\"><a href=\"https:\/\/www.ecotip.si\/de\/author\/jadelight\/\" title=\"Beitr\u00e4ge von jadelight\" rel=\"author\">jadelight<\/a><\/span><\/span><span class=\"updated rich-snippet-hidden\">2020-09-30T22:28:48+02:00<\/span><div  class=\"fusion-image-wrapper\" aria-haspopup=\"true\">\n\t\t\t\t<img decoding=\"async\" width=\"740\" height=\"494\" src=\"https:\/\/www.ecotip.si\/wp-content\/uploads\/2018\/08\/kasetni-filtri-ecofil-mf-km-20-30.jpg\" class=\"attachment-full size-full wp-post-image\" alt=\"\" srcset=\"https:\/\/www.ecotip.si\/wp-content\/uploads\/2018\/08\/kasetni-filtri-ecofil-mf-km-20-30-200x134.jpg 200w, https:\/\/www.ecotip.si\/wp-content\/uploads\/2018\/08\/kasetni-filtri-ecofil-mf-km-20-30-400x267.jpg 400w, https:\/\/www.ecotip.si\/wp-content\/uploads\/2018\/08\/kasetni-filtri-ecofil-mf-km-20-30-600x401.jpg 600w, https:\/\/www.ecotip.si\/wp-content\/uploads\/2018\/08\/kasetni-filtri-ecofil-mf-km-20-30.jpg 740w\" sizes=\"(min-width: 2200px) 100vw, (min-width: 824px) 433px, (min-width: 732px) 650px, (min-width: 640px) 732px, \" \/><div class=\"fusion-rollover\">\n\t<div class=\"fusion-rollover-content\">\n\n\t\t\t\t\t\t\t\t\t\t\t\t\t\t<a class=\"fusion-rollover-link\" href=\"https:\/\/www.ecotip.si\/de\/filter\/filterzellen-ecofil-mf-km-20-30\/?portfolioCats=95%2C96\">Filterzellen Ecofil MF KM 20\/30<\/a>\n\t\t\t\n\t\t\t\t\t\t\t\t\n\t\t\n\t\t\t\t\t\t\t\t\n\t\t\t\t\t\t\t\t\n\t\t\n\t\t\t\t\t\t<a class=\"fusion-link-wrapper\" href=\"https:\/\/www.ecotip.si\/de\/filter\/filterzellen-ecofil-mf-km-20-30\/?portfolioCats=95%2C96\" aria-label=\"Filterzellen Ecofil MF KM 20\/30\"><\/a>\n\t<\/div>\n<\/div>\n<\/div>\n<div class=\"fusion-portfolio-content\" style=\"background-color:rgba(255,255,255,0);\"><h2 class=\"entry-title fusion-post-title\"><a href=\"https:\/\/www.ecotip.si\/de\/filter\/filterzellen-ecofil-mf-km-20-30\/?portfolioCats=95%2C96\">Filterzellen Ecofil MF KM 20\/30<\/a><\/h2><div class=\"fusion-portfolio-meta\"><a href=\"https:\/\/www.ecotip.si\/de\/filter-ecotip\/filterzellen-g2-g4-de\/\" rel=\"tag\">Filterzellen G2 \u2013 G4<\/a><\/div><div class=\"fusion-content-sep sep-single sep-solid\" style=\"border-color:#e5e5e5;\"><\/div><div class=\"fusion-post-content\"><p>Posebna razli\u010dica kasetnih filtrov z obojestransko ekspandirano mre\u017eo in ve\u010dslojnim polnilom.<\/p><\/div><\/div><\/div><\/article><article id=\"portfolio-1-post-3414\" class=\"fusion-portfolio-post filterzellen-m5-f9-de fusion-col-spacing post-3414\"><div class=\"fusion-portfolio-content-wrapper\" style=\"border:1px solid #e5e5e5;border-bottom-width:3px;background-color:rgba(255,255,255,0);\"><span class=\"vcard rich-snippet-hidden\"><span class=\"fn\"><a href=\"https:\/\/www.ecotip.si\/de\/author\/jadelight\/\" title=\"Beitr\u00e4ge von jadelight\" rel=\"author\">jadelight<\/a><\/span><\/span><span class=\"updated rich-snippet-hidden\">2020-09-30T22:34:36+02:00<\/span><div  class=\"fusion-image-wrapper\" aria-haspopup=\"true\">\n\t\t\t\t<img decoding=\"async\" width=\"740\" height=\"494\" src=\"https:\/\/www.ecotip.si\/wp-content\/uploads\/2018\/08\/kasetni-filtri-ecofil-ka-pe-40.jpg\" class=\"attachment-full size-full wp-post-image\" alt=\"\" srcset=\"https:\/\/www.ecotip.si\/wp-content\/uploads\/2018\/08\/kasetni-filtri-ecofil-ka-pe-40-200x134.jpg 200w, https:\/\/www.ecotip.si\/wp-content\/uploads\/2018\/08\/kasetni-filtri-ecofil-ka-pe-40-400x267.jpg 400w, https:\/\/www.ecotip.si\/wp-content\/uploads\/2018\/08\/kasetni-filtri-ecofil-ka-pe-40-600x401.jpg 600w, https:\/\/www.ecotip.si\/wp-content\/uploads\/2018\/08\/kasetni-filtri-ecofil-ka-pe-40.jpg 740w\" sizes=\"(min-width: 2200px) 100vw, (min-width: 824px) 433px, (min-width: 732px) 650px, (min-width: 640px) 732px, \" \/><div class=\"fusion-rollover\">\n\t<div class=\"fusion-rollover-content\">\n\n\t\t\t\t\t\t\t\t\t\t\t\t\t\t<a class=\"fusion-rollover-link\" href=\"https:\/\/www.ecotip.si\/de\/filter\/filterzellen-ecofil-ka-pe-50\/?portfolioCats=95%2C96\">Filterzellen Ecofil KA PE 50<\/a>\n\t\t\t\n\t\t\t\t\t\t\t\t\n\t\t\n\t\t\t\t\t\t\t\t\n\t\t\t\t\t\t\t\t\n\t\t\n\t\t\t\t\t\t<a class=\"fusion-link-wrapper\" href=\"https:\/\/www.ecotip.si\/de\/filter\/filterzellen-ecofil-ka-pe-50\/?portfolioCats=95%2C96\" aria-label=\"Filterzellen Ecofil KA PE 50\"><\/a>\n\t<\/div>\n<\/div>\n<\/div>\n<div class=\"fusion-portfolio-content\" style=\"background-color:rgba(255,255,255,0);\"><h2 class=\"entry-title fusion-post-title\"><a href=\"https:\/\/www.ecotip.si\/de\/filter\/filterzellen-ecofil-ka-pe-50\/?portfolioCats=95%2C96\">Filterzellen Ecofil KA PE 50<\/a><\/h2><div class=\"fusion-portfolio-meta\"><a href=\"https:\/\/www.ecotip.si\/de\/filter-ecotip\/filterzellen-m5-f9-de\/\" rel=\"tag\">Filterzellen M5 \u2013 F9<\/a><\/div><div class=\"fusion-content-sep sep-single sep-solid\" style=\"border-color:#e5e5e5;\"><\/div><div class=\"fusion-post-content\"><p>  Filterklasse: M5 Rahmen: Verzinkter Stahl, Karton Filtermedium: Polyester<\/p><\/div><\/div><\/div><\/article><article id=\"portfolio-1-post-3424\" class=\"fusion-portfolio-post filterzellen-m5-f9-de fusion-col-spacing post-3424\"><div class=\"fusion-portfolio-content-wrapper\" style=\"border:1px solid #e5e5e5;border-bottom-width:3px;background-color:rgba(255,255,255,0);\"><span class=\"vcard rich-snippet-hidden\"><span class=\"fn\"><a href=\"https:\/\/www.ecotip.si\/de\/author\/jadelight\/\" title=\"Beitr\u00e4ge von jadelight\" rel=\"author\">jadelight<\/a><\/span><\/span><span class=\"updated rich-snippet-hidden\">2020-09-30T22:38:33+02:00<\/span><div  class=\"fusion-image-wrapper\" aria-haspopup=\"true\">\n\t\t\t\t<img decoding=\"async\" width=\"740\" height=\"494\" src=\"https:\/\/www.ecotip.si\/wp-content\/uploads\/2018\/11\/kasetni-filtri-ecofil-ka-k-pe-50.jpg\" class=\"attachment-full size-full wp-post-image\" alt=\"\" srcset=\"https:\/\/www.ecotip.si\/wp-content\/uploads\/2018\/11\/kasetni-filtri-ecofil-ka-k-pe-50-200x134.jpg 200w, https:\/\/www.ecotip.si\/wp-content\/uploads\/2018\/11\/kasetni-filtri-ecofil-ka-k-pe-50-400x267.jpg 400w, https:\/\/www.ecotip.si\/wp-content\/uploads\/2018\/11\/kasetni-filtri-ecofil-ka-k-pe-50-600x401.jpg 600w, https:\/\/www.ecotip.si\/wp-content\/uploads\/2018\/11\/kasetni-filtri-ecofil-ka-k-pe-50.jpg 740w\" sizes=\"(min-width: 2200px) 100vw, (min-width: 824px) 433px, (min-width: 732px) 650px, (min-width: 640px) 732px, \" \/><div class=\"fusion-rollover\">\n\t<div class=\"fusion-rollover-content\">\n\n\t\t\t\t\t\t\t\t\t\t\t\t\t\t<a class=\"fusion-rollover-link\" href=\"https:\/\/www.ecotip.si\/de\/filter\/filterzellen-ecofil-ka-k-pe-50\/?portfolioCats=95%2C96\">Filterzellen Ecofil KA\/K PE 50<\/a>\n\t\t\t\n\t\t\t\t\t\t\t\t\n\t\t\n\t\t\t\t\t\t\t\t\n\t\t\t\t\t\t\t\t\n\t\t\n\t\t\t\t\t\t<a class=\"fusion-link-wrapper\" href=\"https:\/\/www.ecotip.si\/de\/filter\/filterzellen-ecofil-ka-k-pe-50\/?portfolioCats=95%2C96\" aria-label=\"Filterzellen Ecofil KA\/K PE 50\"><\/a>\n\t<\/div>\n<\/div>\n<\/div>\n<div class=\"fusion-portfolio-content\" style=\"background-color:rgba(255,255,255,0);\"><h2 class=\"entry-title fusion-post-title\"><a href=\"https:\/\/www.ecotip.si\/de\/filter\/filterzellen-ecofil-ka-k-pe-50\/?portfolioCats=95%2C96\">Filterzellen Ecofil KA\/K PE 50<\/a><\/h2><div class=\"fusion-portfolio-meta\"><a href=\"https:\/\/www.ecotip.si\/de\/filter-ecotip\/filterzellen-m5-f9-de\/\" rel=\"tag\">Filterzellen M5 \u2013 F9<\/a><\/div><div class=\"fusion-content-sep sep-single sep-solid\" style=\"border-color:#e5e5e5;\"><\/div><div class=\"fusion-post-content\"><p>  Filterklasse: M5 Rahmen: Verzinkter Stahl, 8 \u2013 25<\/p><\/div><\/div><\/div><\/article><article id=\"portfolio-1-post-3434\" class=\"fusion-portfolio-post filterzellen-m5-f9-de fusion-col-spacing post-3434\"><div class=\"fusion-portfolio-content-wrapper\" style=\"border:1px solid #e5e5e5;border-bottom-width:3px;background-color:rgba(255,255,255,0);\"><span class=\"vcard rich-snippet-hidden\"><span class=\"fn\"><a href=\"https:\/\/www.ecotip.si\/de\/author\/jadelight\/\" title=\"Beitr\u00e4ge von jadelight\" rel=\"author\">jadelight<\/a><\/span><\/span><span class=\"updated rich-snippet-hidden\">2020-09-30T22:51:28+02:00<\/span><div  class=\"fusion-image-wrapper\" aria-haspopup=\"true\">\n\t\t\t\t<img decoding=\"async\" width=\"740\" height=\"494\" src=\"https:\/\/www.ecotip.si\/wp-content\/uploads\/2018\/08\/kasetni-filtri-ecofil-ka-r-pe-40.jpg\" class=\"attachment-full size-full wp-post-image\" alt=\"\" srcset=\"https:\/\/www.ecotip.si\/wp-content\/uploads\/2018\/08\/kasetni-filtri-ecofil-ka-r-pe-40-200x134.jpg 200w, https:\/\/www.ecotip.si\/wp-content\/uploads\/2018\/08\/kasetni-filtri-ecofil-ka-r-pe-40-400x267.jpg 400w, https:\/\/www.ecotip.si\/wp-content\/uploads\/2018\/08\/kasetni-filtri-ecofil-ka-r-pe-40-600x401.jpg 600w, https:\/\/www.ecotip.si\/wp-content\/uploads\/2018\/08\/kasetni-filtri-ecofil-ka-r-pe-40.jpg 740w\" sizes=\"(min-width: 2200px) 100vw, (min-width: 824px) 433px, (min-width: 732px) 650px, (min-width: 640px) 732px, \" \/><div class=\"fusion-rollover\">\n\t<div class=\"fusion-rollover-content\">\n\n\t\t\t\t\t\t\t\t\t\t\t\t\t\t<a class=\"fusion-rollover-link\" href=\"https:\/\/www.ecotip.si\/de\/filter\/filterzellen-ecofil-ka-r-pe-50\/?portfolioCats=95%2C96\">Filterzellen Ecofil KA\/R PE 50<\/a>\n\t\t\t\n\t\t\t\t\t\t\t\t\n\t\t\n\t\t\t\t\t\t\t\t\n\t\t\t\t\t\t\t\t\n\t\t\n\t\t\t\t\t\t<a class=\"fusion-link-wrapper\" href=\"https:\/\/www.ecotip.si\/de\/filter\/filterzellen-ecofil-ka-r-pe-50\/?portfolioCats=95%2C96\" aria-label=\"Filterzellen Ecofil KA\/R PE 50\"><\/a>\n\t<\/div>\n<\/div>\n<\/div>\n<div class=\"fusion-portfolio-content\" style=\"background-color:rgba(255,255,255,0);\"><h2 class=\"entry-title fusion-post-title\"><a href=\"https:\/\/www.ecotip.si\/de\/filter\/filterzellen-ecofil-ka-r-pe-50\/?portfolioCats=95%2C96\">Filterzellen Ecofil KA\/R PE 50<\/a><\/h2><div class=\"fusion-portfolio-meta\"><a href=\"https:\/\/www.ecotip.si\/de\/filter-ecotip\/filterzellen-m5-f9-de\/\" rel=\"tag\">Filterzellen M5 \u2013 F9<\/a><\/div><div class=\"fusion-content-sep sep-single sep-solid\" style=\"border-color:#e5e5e5;\"><\/div><div class=\"fusion-post-content\"><p>  Filterklasse: M5 (h\u00f6here Klassen auf Anfrage) Rahmen: Verzinkter<\/p><\/div><\/div><\/div><\/article><article id=\"portfolio-1-post-3445\" class=\"fusion-portfolio-post filterzellen-m5-f9-de fusion-col-spacing post-3445\"><div class=\"fusion-portfolio-content-wrapper\" style=\"border:1px solid #e5e5e5;border-bottom-width:3px;background-color:rgba(255,255,255,0);\"><span class=\"vcard rich-snippet-hidden\"><span class=\"fn\"><a href=\"https:\/\/www.ecotip.si\/de\/author\/jadelight\/\" title=\"Beitr\u00e4ge von jadelight\" rel=\"author\">jadelight<\/a><\/span><\/span><span class=\"updated rich-snippet-hidden\">2020-09-30T22:56:27+02:00<\/span><div  class=\"fusion-image-wrapper\" aria-haspopup=\"true\">\n\t\t\t\t<img decoding=\"async\" width=\"740\" height=\"494\" src=\"https:\/\/www.ecotip.si\/wp-content\/uploads\/2018\/11\/kasetni-filtri-ecofil-ka-pp-mp-50-95.jpg\" class=\"attachment-full size-full wp-post-image\" alt=\"\" srcset=\"https:\/\/www.ecotip.si\/wp-content\/uploads\/2018\/11\/kasetni-filtri-ecofil-ka-pp-mp-50-95-200x134.jpg 200w, https:\/\/www.ecotip.si\/wp-content\/uploads\/2018\/11\/kasetni-filtri-ecofil-ka-pp-mp-50-95-400x267.jpg 400w, https:\/\/www.ecotip.si\/wp-content\/uploads\/2018\/11\/kasetni-filtri-ecofil-ka-pp-mp-50-95-600x401.jpg 600w, https:\/\/www.ecotip.si\/wp-content\/uploads\/2018\/11\/kasetni-filtri-ecofil-ka-pp-mp-50-95.jpg 740w\" sizes=\"(min-width: 2200px) 100vw, (min-width: 824px) 433px, (min-width: 732px) 650px, (min-width: 640px) 732px, \" \/><div class=\"fusion-rollover\">\n\t<div class=\"fusion-rollover-content\">\n\n\t\t\t\t\t\t\t\t\t\t\t\t\t\t<a class=\"fusion-rollover-link\" href=\"https:\/\/www.ecotip.si\/de\/filter\/filterzellen-ecofil-ka-pp-mp-50-95\/?portfolioCats=95%2C96\">Filterzellen Ecofil KA PP MP 50 &#8211; 95<\/a>\n\t\t\t\n\t\t\t\t\t\t\t\t\n\t\t\n\t\t\t\t\t\t\t\t\n\t\t\t\t\t\t\t\t\n\t\t\n\t\t\t\t\t\t<a class=\"fusion-link-wrapper\" href=\"https:\/\/www.ecotip.si\/de\/filter\/filterzellen-ecofil-ka-pp-mp-50-95\/?portfolioCats=95%2C96\" aria-label=\"Filterzellen Ecofil KA PP MP 50 &#8211; 95\"><\/a>\n\t<\/div>\n<\/div>\n<\/div>\n<div class=\"fusion-portfolio-content\" style=\"background-color:rgba(255,255,255,0);\"><h2 class=\"entry-title fusion-post-title\"><a href=\"https:\/\/www.ecotip.si\/de\/filter\/filterzellen-ecofil-ka-pp-mp-50-95\/?portfolioCats=95%2C96\">Filterzellen Ecofil KA PP MP 50 &#8211; 95<\/a><\/h2><div class=\"fusion-portfolio-meta\"><a href=\"https:\/\/www.ecotip.si\/de\/filter-ecotip\/filterzellen-m5-f9-de\/\" rel=\"tag\">Filterzellen M5 \u2013 F9<\/a><\/div><div class=\"fusion-content-sep sep-single sep-solid\" style=\"border-color:#e5e5e5;\"><\/div><div class=\"fusion-post-content\"><p>  Filterklasse: M5 \u2013 F9 Rahmen: Verzinkter Stahl, Kunststoff,<\/p><\/div><\/div><\/div><\/article><\/div><\/div><\/div><\/div><\/div><\/div>\n","protected":false},"excerpt":{"rendered":"","protected":false},"author":1,"featured_media":0,"parent":464,"menu_order":0,"comment_status":"closed","ping_status":"closed","template":"","meta":{"footnotes":""},"class_list":["post-3361","page","type-page","status-publish","hentry"],"_links":{"self":[{"href":"https:\/\/www.ecotip.si\/de\/wp-json\/wp\/v2\/pages\/3361","targetHints":{"allow":["GET"]}}],"collection":[{"href":"https:\/\/www.ecotip.si\/de\/wp-json\/wp\/v2\/pages"}],"about":[{"href":"https:\/\/www.ecotip.si\/de\/wp-json\/wp\/v2\/types\/page"}],"author":[{"embeddable":true,"href":"https:\/\/www.ecotip.si\/de\/wp-json\/wp\/v2\/users\/1"}],"replies":[{"embeddable":true,"href":"https:\/\/www.ecotip.si\/de\/wp-json\/wp\/v2\/comments?post=3361"}],"version-history":[{"count":0,"href":"https:\/\/www.ecotip.si\/de\/wp-json\/wp\/v2\/pages\/3361\/revisions"}],"up":[{"embeddable":true,"href":"https:\/\/www.ecotip.si\/de\/wp-json\/wp\/v2\/pages\/464"}],"wp:attachment":[{"href":"https:\/\/www.ecotip.si\/de\/wp-json\/wp\/v2\/media?parent=3361"}],"curies":[{"name":"wp","href":"https:\/\/api.w.org\/{rel}","templated":true}]}}