{"id":3104,"date":"2020-04-22T19:47:27","date_gmt":"2020-04-22T17:47:27","guid":{"rendered":"https:\/\/www.ecotip.si\/raeumliche-filtration\/filtri-za-rekuperatorje\/"},"modified":"2020-10-06T09:30:31","modified_gmt":"2020-10-06T07:30:31","slug":"filter-fuer-rekuperatoren","status":"publish","type":"page","link":"https:\/\/www.ecotip.si\/de\/luftfiltration\/filter-fuer-rekuperatoren\/","title":{"rendered":"Filter f\u00fcr Rekuperatoren"},"content":{"rendered":"<div class=\"fusion-fullwidth fullwidth-box fusion-builder-row-1 nonhundred-percent-fullwidth non-hundred-percent-height-scrolling\" style=\"--awb-border-radius-top-left:0px;--awb-border-radius-top-right:0px;--awb-border-radius-bottom-right:0px;--awb-border-radius-bottom-left:0px;--awb-flex-wrap:wrap;\" ><div class=\"fusion-builder-row fusion-row\"><div class=\"fusion-layout-column fusion_builder_column fusion-builder-column-0 fusion_builder_column_1_1 1_1 fusion-one-full fusion-column-first fusion-column-last\" style=\"--awb-bg-size:cover;\"><div class=\"fusion-column-wrapper fusion-flex-column-wrapper-legacy\"><div class=\"fusion-text fusion-text-1\"><h1>Filter f\u00fcr Rekuperatoren<\/h1>\n<h3>ISO Coarse in ISO ePM filtration<\/h3>\n<p>Auf Anfrage bieten wir Filter f\u00fcr verschiedene Rekuperatoren an. Eine gute Rekuperation in der Kombination mit Filtrierung bringt Ihr Leben auf ein neues Niveau.<\/p>\n<p>Es stehen verschiedene Ausf\u00fchrungen, Abmessungen und Filtrationseffizienzen zur Verf\u00fcgung.<\/p>\n<p>Weil die L\u00fcftung der R\u00e4ume sehr wichtig ist, hat sich heutzutage in Wohn- und Gesch\u00e4ftsgeb\u00e4uden die L\u00fcftung mit Rekuperation verbreitet, welche die saubere Luft aus der Umgebung liefert. Vor dem Betreten der R\u00e4ume str\u00f6mt frische Luft durch die Filter, um Partikel wie Staub zu entfernen. Ein Kohlefilter wird h\u00e4ufig in Kombination mit dem Partikelfilter verwendet, um Ger\u00fcche zu entfernen.<\/p>\n<p>Auf dem Markt sind verschiedene L\u00fcftungssysteme (Rekuperation) f\u00fcr die Rauml\u00fcftung erh\u00e4ltlich. Die zentralen Rekuperatoren haben die M\u00f6glichkeit, den Raum nachts zu k\u00fchlen und enthalten einen Vorw\u00e4rmer, um das Kondensat im Winter abzutauen, w\u00e4hrend bei lokalen Rekuperatoren das nicht m\u00f6glich ist.<\/p>\n<\/div><div class=\"fusion-sep-clear\"><\/div><div class=\"fusion-separator fusion-full-width-sep\" style=\"margin-left: auto;margin-right: auto;margin-top:30px;width:100%;\"><\/div><div class=\"fusion-sep-clear\"><\/div><style type=\"text\/css\">.fusion-portfolio-wrapper#fusion-portfolio-1 .fusion-portfolio-content{ padding: 25px 25px 25px 25px; text-align: left; }<\/style><div class=\"fusion-recent-works fusion-portfolio-element fusion-portfolio fusion-portfolio-1 fusion-portfolio-grid fusion-portfolio-paging-pagination fusion-portfolio-three fusion-portfolio-boxed fusion-portfolio-text fusion-portfolio-equal-heights fusion-portfolio-rollover\" data-id=\"-rw-1\" data-columns=\"three\"><div><ul class=\"fusion-filters\" role=\"menu\" aria-label=\"Portfolio Filters\"><li role=\"presentation\" class=\"fusion-filter fusion-filter-all fusion-active\"><a href=\"#\" data-filter=\"*\" role=\"menuitem\">All<\/a><\/li><li role=\"presentation\" class=\"fusion-filter fusion-hidden\"><a href=\"#\" data-filter=\".filter-fur-rekuperatoren-g4-f7-de\" role=\"menuitem\">Filter f\u00fcr Rekuperatoren G4 \u2013 F7<\/a><\/li><\/ul><\/div><style type=\"text\/css\">.fusion-portfolio-1 .fusion-portfolio-wrapper .fusion-col-spacing{padding:15px;}<\/style><div class=\"fusion-portfolio-wrapper\" id=\"fusion-portfolio-1\" data-picturesize=\"auto\" data-pages=\"1\" style=\"margin:-15px;\"><article id=\"portfolio-1-post-3597\" class=\"fusion-portfolio-post filter-fur-rekuperatoren-g4-f7-de fusion-col-spacing post-3597\"><div class=\"fusion-portfolio-content-wrapper\" style=\"border:1px solid #e5e5e5;border-bottom-width:3px;background-color:rgba(255,255,255,0);\"><span class=\"vcard rich-snippet-hidden\"><span class=\"fn\"><a href=\"https:\/\/www.ecotip.si\/de\/author\/jadelight\/\" title=\"Beitr\u00e4ge von jadelight\" rel=\"author\">jadelight<\/a><\/span><\/span><span class=\"updated rich-snippet-hidden\">2024-03-28T09:14:42+01:00<\/span><div  class=\"fusion-image-wrapper\" aria-haspopup=\"true\">\n\t\t\t\t<img decoding=\"async\" width=\"740\" height=\"494\" src=\"https:\/\/www.ecotip.si\/wp-content\/uploads\/2020\/05\/filtri-za-rekuperatorje-ecofil-ka-40-krt-special.jpg\" class=\"attachment-full size-full wp-post-image\" alt=\"\" srcset=\"https:\/\/www.ecotip.si\/wp-content\/uploads\/2020\/05\/filtri-za-rekuperatorje-ecofil-ka-40-krt-special-200x134.jpg 200w, https:\/\/www.ecotip.si\/wp-content\/uploads\/2020\/05\/filtri-za-rekuperatorje-ecofil-ka-40-krt-special-400x267.jpg 400w, https:\/\/www.ecotip.si\/wp-content\/uploads\/2020\/05\/filtri-za-rekuperatorje-ecofil-ka-40-krt-special-600x401.jpg 600w, https:\/\/www.ecotip.si\/wp-content\/uploads\/2020\/05\/filtri-za-rekuperatorje-ecofil-ka-40-krt-special.jpg 740w\" sizes=\"(min-width: 2200px) 100vw, (min-width: 824px) 433px, (min-width: 732px) 650px, (min-width: 640px) 732px, \" \/><div class=\"fusion-rollover\">\n\t<div class=\"fusion-rollover-content\">\n\n\t\t\t\t\t\t\t\t\t\t\t\t\t\t<a class=\"fusion-rollover-link\" href=\"https:\/\/www.ecotip.si\/de\/filter\/filter-fuer-rekuperatoren-ecofil-ka-40-krt-special\/?portfolioCats=109\">Filter f\u00fcr Rekuperatoren Ecofil KA-40 KRT SPECIAL<\/a>\n\t\t\t\n\t\t\t\t\t\t\t\t\n\t\t\n\t\t\t\t\t\t\t\t\n\t\t\t\t\t\t\t\t\n\t\t\n\t\t\t\t\t\t<a class=\"fusion-link-wrapper\" href=\"https:\/\/www.ecotip.si\/de\/filter\/filter-fuer-rekuperatoren-ecofil-ka-40-krt-special\/?portfolioCats=109\" aria-label=\"Filter f\u00fcr Rekuperatoren Ecofil KA-40 KRT SPECIAL\"><\/a>\n\t<\/div>\n<\/div>\n<\/div>\n<div class=\"fusion-portfolio-content\" style=\"background-color:rgba(255,255,255,0);\"><h2 class=\"entry-title fusion-post-title\"><a href=\"https:\/\/www.ecotip.si\/de\/filter\/filter-fuer-rekuperatoren-ecofil-ka-40-krt-special\/?portfolioCats=109\">Filter f\u00fcr Rekuperatoren Ecofil KA-40 KRT SPECIAL<\/a><\/h2><div class=\"fusion-portfolio-meta\"><a href=\"https:\/\/www.ecotip.si\/de\/filter-ecotip\/filter-fur-rekuperatoren-g4-f7-de\/\" rel=\"tag\">Filter f\u00fcr Rekuperatoren G4 \u2013 F7<\/a><\/div><div class=\"fusion-content-sep sep-single sep-solid\" style=\"border-color:#e5e5e5;\"><\/div><div class=\"fusion-post-content\"><p> Filterklasse: G4 Rahmen: Verschiedene Varianten und Abmessungen verf\u00fcgbar Filtermedium:<\/p><\/div><\/div><\/div><\/article><article id=\"portfolio-1-post-3607\" class=\"fusion-portfolio-post filter-fur-rekuperatoren-g4-f7-de fusion-col-spacing post-3607\"><div class=\"fusion-portfolio-content-wrapper\" style=\"border:1px solid #e5e5e5;border-bottom-width:3px;background-color:rgba(255,255,255,0);\"><span class=\"vcard rich-snippet-hidden\"><span class=\"fn\"><a href=\"https:\/\/www.ecotip.si\/de\/author\/jadelight\/\" title=\"Beitr\u00e4ge von jadelight\" rel=\"author\">jadelight<\/a><\/span><\/span><span class=\"updated rich-snippet-hidden\">2024-03-28T09:07:57+01:00<\/span><div  class=\"fusion-image-wrapper\" aria-haspopup=\"true\">\n\t\t\t\t<img decoding=\"async\" width=\"740\" height=\"494\" src=\"https:\/\/www.ecotip.si\/wp-content\/uploads\/2020\/05\/filtri-za-rekuperatorje-ecofil-ka-85-krt-special.jpg\" class=\"attachment-full size-full wp-post-image\" alt=\"\" srcset=\"https:\/\/www.ecotip.si\/wp-content\/uploads\/2020\/05\/filtri-za-rekuperatorje-ecofil-ka-85-krt-special-200x134.jpg 200w, https:\/\/www.ecotip.si\/wp-content\/uploads\/2020\/05\/filtri-za-rekuperatorje-ecofil-ka-85-krt-special-400x267.jpg 400w, https:\/\/www.ecotip.si\/wp-content\/uploads\/2020\/05\/filtri-za-rekuperatorje-ecofil-ka-85-krt-special-600x401.jpg 600w, https:\/\/www.ecotip.si\/wp-content\/uploads\/2020\/05\/filtri-za-rekuperatorje-ecofil-ka-85-krt-special.jpg 740w\" sizes=\"(min-width: 2200px) 100vw, (min-width: 824px) 433px, (min-width: 732px) 650px, (min-width: 640px) 732px, \" \/><div class=\"fusion-rollover\">\n\t<div class=\"fusion-rollover-content\">\n\n\t\t\t\t\t\t\t\t\t\t\t\t\t\t<a class=\"fusion-rollover-link\" href=\"https:\/\/www.ecotip.si\/de\/filter\/filter-fuer-rekuperatoren-ecofil-ka-85-krt-special\/?portfolioCats=109\">Filter f\u00fcr Rekuperatoren Ecofil KA-85 KRT SPECIAL<\/a>\n\t\t\t\n\t\t\t\t\t\t\t\t\n\t\t\n\t\t\t\t\t\t\t\t\n\t\t\t\t\t\t\t\t\n\t\t\n\t\t\t\t\t\t<a class=\"fusion-link-wrapper\" href=\"https:\/\/www.ecotip.si\/de\/filter\/filter-fuer-rekuperatoren-ecofil-ka-85-krt-special\/?portfolioCats=109\" aria-label=\"Filter f\u00fcr Rekuperatoren Ecofil KA-85 KRT SPECIAL\"><\/a>\n\t<\/div>\n<\/div>\n<\/div>\n<div class=\"fusion-portfolio-content\" style=\"background-color:rgba(255,255,255,0);\"><h2 class=\"entry-title fusion-post-title\"><a href=\"https:\/\/www.ecotip.si\/de\/filter\/filter-fuer-rekuperatoren-ecofil-ka-85-krt-special\/?portfolioCats=109\">Filter f\u00fcr Rekuperatoren Ecofil KA-85 KRT SPECIAL<\/a><\/h2><div class=\"fusion-portfolio-meta\"><a href=\"https:\/\/www.ecotip.si\/de\/filter-ecotip\/filter-fur-rekuperatoren-g4-f7-de\/\" rel=\"tag\">Filter f\u00fcr Rekuperatoren G4 \u2013 F7<\/a><\/div><div class=\"fusion-content-sep sep-single sep-solid\" style=\"border-color:#e5e5e5;\"><\/div><div class=\"fusion-post-content\"><p> Filterklasse: F7 Rahmen: Verschiedene Varianten und Abmessungen verf\u00fcgbar Filtermedium:<\/p><\/div><\/div><\/div><\/article><\/div><\/div><div class=\"fusion-clearfix\"><\/div><\/div><\/div><\/div><\/div>\n","protected":false},"excerpt":{"rendered":"","protected":false},"author":1,"featured_media":0,"parent":464,"menu_order":0,"comment_status":"closed","ping_status":"closed","template":"","meta":{"footnotes":""},"class_list":["post-3104","page","type-page","status-publish","hentry"],"_links":{"self":[{"href":"https:\/\/www.ecotip.si\/de\/wp-json\/wp\/v2\/pages\/3104","targetHints":{"allow":["GET"]}}],"collection":[{"href":"https:\/\/www.ecotip.si\/de\/wp-json\/wp\/v2\/pages"}],"about":[{"href":"https:\/\/www.ecotip.si\/de\/wp-json\/wp\/v2\/types\/page"}],"author":[{"embeddable":true,"href":"https:\/\/www.ecotip.si\/de\/wp-json\/wp\/v2\/users\/1"}],"replies":[{"embeddable":true,"href":"https:\/\/www.ecotip.si\/de\/wp-json\/wp\/v2\/comments?post=3104"}],"version-history":[{"count":0,"href":"https:\/\/www.ecotip.si\/de\/wp-json\/wp\/v2\/pages\/3104\/revisions"}],"up":[{"embeddable":true,"href":"https:\/\/www.ecotip.si\/de\/wp-json\/wp\/v2\/pages\/464"}],"wp:attachment":[{"href":"https:\/\/www.ecotip.si\/de\/wp-json\/wp\/v2\/media?parent=3104"}],"curies":[{"name":"wp","href":"https:\/\/api.w.org\/{rel}","templated":true}]}}