{"id":2622,"date":"2019-07-24T12:07:04","date_gmt":"2019-07-24T10:07:04","guid":{"rendered":"https:\/\/www.ecotip.si\/raeumliche-filtration\/epa-hepa-ulpa\/"},"modified":"2020-11-12T11:37:16","modified_gmt":"2020-11-12T10:37:16","slug":"epa-hepa-ulpa","status":"publish","type":"page","link":"https:\/\/www.ecotip.si\/de\/luftfiltration\/epa-hepa-ulpa\/","title":{"rendered":"EPA, HEPA, ULPA"},"content":{"rendered":"<div class=\"fusion-fullwidth fullwidth-box fusion-builder-row-1 nonhundred-percent-fullwidth non-hundred-percent-height-scrolling\" style=\"--awb-border-radius-top-left:0px;--awb-border-radius-top-right:0px;--awb-border-radius-bottom-right:0px;--awb-border-radius-bottom-left:0px;--awb-flex-wrap:wrap;\" ><div class=\"fusion-builder-row fusion-row\"><div class=\"fusion-layout-column fusion_builder_column fusion-builder-column-0 fusion_builder_column_1_1 1_1 fusion-one-full fusion-column-first fusion-column-last\" style=\"--awb-bg-size:cover;\"><div class=\"fusion-column-wrapper fusion-flex-column-wrapper-legacy\"><div class=\"fusion-text fusion-text-1\"><h1>Absolute Filtration<\/h1>\n<p>EPA, HEPA und ULPA Filter erf\u00fcllen die Anforderungen einer sehr feinen Filtration bis zu 0,3 Mikron und k\u00f6nnen verwendet werden, um nahezu 100% (bis zu einem hohen Wirkungsgrad von 99,99%) Verunreinigungen aus der Luft zu entfernen. Sie k\u00f6nnen in Krankenh\u00e4usern, Operationss\u00e4len, Intensivstationen, Labors, in der Pr\u00e4zisionstechnik und in industriellen Reinr\u00e4umen eingesetzt werden.<\/p>\n<p>Filter werden dort installiert, wo ein H\u00f6chstma\u00df an Luftreinheit gefordert ist. Sie werden an der Lufteinlassseite zur Abscheidung von Schwebstoffen (Viren, Keime, giftige St\u00e4ube, Aerosole) ben\u00f6tigt.<\/p>\n<p>Die stehen verschiedene Ausf\u00fchrungen und Dimensionen zur Verf\u00fcgung, wobei das Filtermedium immer hochwertiges, hocheffizientes und superhomogenes Glasfaserpapier mit unterschiedlichen Abscheidegraden ist.<\/p>\n<p>Das Papier ist plissiert und entweder mit Aluminium- oder Thermoplast-Separatoren versehen.<\/p>\n<\/div><div class=\"fusion-sep-clear\"><\/div><div class=\"fusion-separator fusion-full-width-sep\" style=\"margin-left: auto;margin-right: auto;margin-top:30px;width:100%;\"><\/div><div class=\"fusion-sep-clear\"><\/div><style type=\"text\/css\">.fusion-portfolio-wrapper#fusion-portfolio-1 .fusion-portfolio-content{ padding: 25px 25px 25px 25px; text-align: left; }<\/style><div class=\"fusion-recent-works fusion-portfolio-element fusion-portfolio fusion-portfolio-1 fusion-portfolio-grid fusion-portfolio-paging-pagination fusion-portfolio-three fusion-portfolio-boxed fusion-portfolio-text fusion-portfolio-equal-heights fusion-portfolio-rollover\" data-id=\"-rw-1\" data-columns=\"three\"><div><ul class=\"fusion-filters\" role=\"menu\" aria-label=\"Portfolio Filters\"><li role=\"presentation\" class=\"fusion-filter fusion-filter-all fusion-active\"><a href=\"#\" data-filter=\"*\" role=\"menuitem\">All<\/a><\/li><li role=\"presentation\" class=\"fusion-filter fusion-hidden\"><a href=\"#\" data-filter=\".epa-hepa-ulpa-e10-u15-de\" role=\"menuitem\">EPA, HEPA, ULPA E10 \u2013 U15<\/a><\/li><\/ul><\/div><style type=\"text\/css\">.fusion-portfolio-1 .fusion-portfolio-wrapper .fusion-col-spacing{padding:15px;}<\/style><div class=\"fusion-portfolio-wrapper\" id=\"fusion-portfolio-1\" data-picturesize=\"auto\" data-pages=\"1\" style=\"margin:-15px;\"><article id=\"portfolio-1-post-3552\" class=\"fusion-portfolio-post epa-hepa-ulpa-e10-u15-de fusion-col-spacing post-3552\"><div class=\"fusion-portfolio-content-wrapper\" style=\"border:1px solid #e5e5e5;border-bottom-width:3px;background-color:rgba(255,255,255,0);\"><span class=\"vcard rich-snippet-hidden\"><span class=\"fn\"><a href=\"https:\/\/www.ecotip.si\/de\/author\/jadelight\/\" title=\"Beitr\u00e4ge von jadelight\" rel=\"author\">jadelight<\/a><\/span><\/span><span class=\"updated rich-snippet-hidden\">2020-10-01T12:28:02+02:00<\/span><div  class=\"fusion-image-wrapper\" aria-haspopup=\"true\">\n\t\t\t\t<img decoding=\"async\" width=\"740\" height=\"494\" src=\"https:\/\/www.ecotip.si\/wp-content\/uploads\/2019\/07\/epa-hepa-ulpa-ecofil-abs-a-gl-e10-h14.jpg\" class=\"attachment-full size-full wp-post-image\" alt=\"\" srcset=\"https:\/\/www.ecotip.si\/wp-content\/uploads\/2019\/07\/epa-hepa-ulpa-ecofil-abs-a-gl-e10-h14-200x134.jpg 200w, https:\/\/www.ecotip.si\/wp-content\/uploads\/2019\/07\/epa-hepa-ulpa-ecofil-abs-a-gl-e10-h14-400x267.jpg 400w, https:\/\/www.ecotip.si\/wp-content\/uploads\/2019\/07\/epa-hepa-ulpa-ecofil-abs-a-gl-e10-h14-600x401.jpg 600w, https:\/\/www.ecotip.si\/wp-content\/uploads\/2019\/07\/epa-hepa-ulpa-ecofil-abs-a-gl-e10-h14.jpg 740w\" sizes=\"(min-width: 2200px) 100vw, (min-width: 824px) 433px, (min-width: 732px) 650px, (min-width: 640px) 732px, \" \/><div class=\"fusion-rollover\">\n\t<div class=\"fusion-rollover-content\">\n\n\t\t\t\t\t\t\t\t\t\t\t\t\t\t<a class=\"fusion-rollover-link\" href=\"https:\/\/www.ecotip.si\/de\/filter\/absolute-filtration-ecofil-abs-a-gl-e10-h14\/?portfolioCats=107\">Absolute Filtration Ecofil ABS A GL E10 &#8211; H14<\/a>\n\t\t\t\n\t\t\t\t\t\t\t\t\n\t\t\n\t\t\t\t\t\t\t\t\n\t\t\t\t\t\t\t\t\n\t\t\n\t\t\t\t\t\t<a class=\"fusion-link-wrapper\" href=\"https:\/\/www.ecotip.si\/de\/filter\/absolute-filtration-ecofil-abs-a-gl-e10-h14\/?portfolioCats=107\" aria-label=\"Absolute Filtration Ecofil ABS A GL E10 &#8211; H14\"><\/a>\n\t<\/div>\n<\/div>\n<\/div>\n<div class=\"fusion-portfolio-content\" style=\"background-color:rgba(255,255,255,0);\"><h2 class=\"entry-title fusion-post-title\"><a href=\"https:\/\/www.ecotip.si\/de\/filter\/absolute-filtration-ecofil-abs-a-gl-e10-h14\/?portfolioCats=107\">Absolute Filtration Ecofil ABS A GL E10 &#8211; H14<\/a><\/h2><div class=\"fusion-portfolio-meta\"><a href=\"https:\/\/www.ecotip.si\/de\/filter-ecotip\/epa-hepa-ulpa-e10-u15-de\/\" rel=\"tag\">EPA, HEPA, ULPA E10 \u2013 U15<\/a><\/div><div class=\"fusion-content-sep sep-single sep-solid\" style=\"border-color:#e5e5e5;\"><\/div><div class=\"fusion-post-content\"><p>  Filterklasse: E10 - H14 Rahmen: MDF, Verzinkter Stahl<\/p><\/div><\/div><\/div><\/article><article id=\"portfolio-1-post-3566\" class=\"fusion-portfolio-post epa-hepa-ulpa-e10-u15-de fusion-col-spacing post-3566\"><div class=\"fusion-portfolio-content-wrapper\" style=\"border:1px solid #e5e5e5;border-bottom-width:3px;background-color:rgba(255,255,255,0);\"><span class=\"vcard rich-snippet-hidden\"><span class=\"fn\"><a href=\"https:\/\/www.ecotip.si\/de\/author\/jadelight\/\" title=\"Beitr\u00e4ge von jadelight\" rel=\"author\">jadelight<\/a><\/span><\/span><span class=\"updated rich-snippet-hidden\">2020-10-01T12:33:10+02:00<\/span><div  class=\"fusion-image-wrapper\" aria-haspopup=\"true\">\n\t\t\t\t<img decoding=\"async\" width=\"740\" height=\"494\" src=\"https:\/\/www.ecotip.si\/wp-content\/uploads\/2019\/07\/epa-hepa-ulpa-ecofil-abs-mp-gl-h12-h14.jpg\" class=\"attachment-full size-full wp-post-image\" alt=\"\" srcset=\"https:\/\/www.ecotip.si\/wp-content\/uploads\/2019\/07\/epa-hepa-ulpa-ecofil-abs-mp-gl-h12-h14-200x134.jpg 200w, https:\/\/www.ecotip.si\/wp-content\/uploads\/2019\/07\/epa-hepa-ulpa-ecofil-abs-mp-gl-h12-h14-400x267.jpg 400w, https:\/\/www.ecotip.si\/wp-content\/uploads\/2019\/07\/epa-hepa-ulpa-ecofil-abs-mp-gl-h12-h14-600x401.jpg 600w, https:\/\/www.ecotip.si\/wp-content\/uploads\/2019\/07\/epa-hepa-ulpa-ecofil-abs-mp-gl-h12-h14.jpg 740w\" sizes=\"(min-width: 2200px) 100vw, (min-width: 824px) 433px, (min-width: 732px) 650px, (min-width: 640px) 732px, \" \/><div class=\"fusion-rollover\">\n\t<div class=\"fusion-rollover-content\">\n\n\t\t\t\t\t\t\t\t\t\t\t\t\t\t<a class=\"fusion-rollover-link\" href=\"https:\/\/www.ecotip.si\/de\/filter\/absolute-filtration-ecofil-abs-mp-gl-h12-h14\/?portfolioCats=107\">Absolute filtration Ecofil ABS MP GL H12 &#8211; H14<\/a>\n\t\t\t\n\t\t\t\t\t\t\t\t\n\t\t\n\t\t\t\t\t\t\t\t\n\t\t\t\t\t\t\t\t\n\t\t\n\t\t\t\t\t\t<a class=\"fusion-link-wrapper\" href=\"https:\/\/www.ecotip.si\/de\/filter\/absolute-filtration-ecofil-abs-mp-gl-h12-h14\/?portfolioCats=107\" aria-label=\"Absolute filtration Ecofil ABS MP GL H12 &#8211; H14\"><\/a>\n\t<\/div>\n<\/div>\n<\/div>\n<div class=\"fusion-portfolio-content\" style=\"background-color:rgba(255,255,255,0);\"><h2 class=\"entry-title fusion-post-title\"><a href=\"https:\/\/www.ecotip.si\/de\/filter\/absolute-filtration-ecofil-abs-mp-gl-h12-h14\/?portfolioCats=107\">Absolute filtration Ecofil ABS MP GL H12 &#8211; H14<\/a><\/h2><div class=\"fusion-portfolio-meta\"><a href=\"https:\/\/www.ecotip.si\/de\/filter-ecotip\/epa-hepa-ulpa-e10-u15-de\/\" rel=\"tag\">EPA, HEPA, ULPA E10 \u2013 U15<\/a><\/div><div class=\"fusion-content-sep sep-single sep-solid\" style=\"border-color:#e5e5e5;\"><\/div><div class=\"fusion-post-content\"><p>  Filterklasse: H13 Rahmen: MDF, Verzinkter Stahl, INOX, ALU<\/p><\/div><\/div><\/div><\/article><article id=\"portfolio-1-post-3580\" class=\"fusion-portfolio-post epa-hepa-ulpa-e10-u15-de fusion-col-spacing post-3580\"><div class=\"fusion-portfolio-content-wrapper\" style=\"border:1px solid #e5e5e5;border-bottom-width:3px;background-color:rgba(255,255,255,0);\"><span class=\"vcard rich-snippet-hidden\"><span class=\"fn\"><a href=\"https:\/\/www.ecotip.si\/de\/author\/jadelight\/\" title=\"Beitr\u00e4ge von jadelight\" rel=\"author\">jadelight<\/a><\/span><\/span><span class=\"updated rich-snippet-hidden\">2020-10-01T12:42:16+02:00<\/span><div  class=\"fusion-image-wrapper\" aria-haspopup=\"true\">\n\t\t\t\t<img decoding=\"async\" width=\"740\" height=\"494\" src=\"https:\/\/www.ecotip.si\/wp-content\/uploads\/2019\/07\/epa-hepa-ulpa-ecofil-abs-gl-g-h13-u15.jpg\" class=\"attachment-full size-full wp-post-image\" alt=\"\" srcset=\"https:\/\/www.ecotip.si\/wp-content\/uploads\/2019\/07\/epa-hepa-ulpa-ecofil-abs-gl-g-h13-u15-200x134.jpg 200w, https:\/\/www.ecotip.si\/wp-content\/uploads\/2019\/07\/epa-hepa-ulpa-ecofil-abs-gl-g-h13-u15-400x267.jpg 400w, https:\/\/www.ecotip.si\/wp-content\/uploads\/2019\/07\/epa-hepa-ulpa-ecofil-abs-gl-g-h13-u15-600x401.jpg 600w, https:\/\/www.ecotip.si\/wp-content\/uploads\/2019\/07\/epa-hepa-ulpa-ecofil-abs-gl-g-h13-u15.jpg 740w\" sizes=\"(min-width: 2200px) 100vw, (min-width: 824px) 433px, (min-width: 732px) 650px, (min-width: 640px) 732px, \" \/><div class=\"fusion-rollover\">\n\t<div class=\"fusion-rollover-content\">\n\n\t\t\t\t\t\t\t\t\t\t\t\t\t\t<a class=\"fusion-rollover-link\" href=\"https:\/\/www.ecotip.si\/de\/filter\/absolute-filtration-ecofil-abs-gl-g-h13-u15\/?portfolioCats=107\">Absolute filtration Ecofil ABS GL G H13 &#8211; U15<\/a>\n\t\t\t\n\t\t\t\t\t\t\t\t\n\t\t\n\t\t\t\t\t\t\t\t\n\t\t\t\t\t\t\t\t\n\t\t\n\t\t\t\t\t\t<a class=\"fusion-link-wrapper\" href=\"https:\/\/www.ecotip.si\/de\/filter\/absolute-filtration-ecofil-abs-gl-g-h13-u15\/?portfolioCats=107\" aria-label=\"Absolute filtration Ecofil ABS GL G H13 &#8211; U15\"><\/a>\n\t<\/div>\n<\/div>\n<\/div>\n<div class=\"fusion-portfolio-content\" style=\"background-color:rgba(255,255,255,0);\"><h2 class=\"entry-title fusion-post-title\"><a href=\"https:\/\/www.ecotip.si\/de\/filter\/absolute-filtration-ecofil-abs-gl-g-h13-u15\/?portfolioCats=107\">Absolute filtration Ecofil ABS GL G H13 &#8211; U15<\/a><\/h2><div class=\"fusion-portfolio-meta\"><a href=\"https:\/\/www.ecotip.si\/de\/filter-ecotip\/epa-hepa-ulpa-e10-u15-de\/\" rel=\"tag\">EPA, HEPA, ULPA E10 \u2013 U15<\/a><\/div><div class=\"fusion-content-sep sep-single sep-solid\" style=\"border-color:#e5e5e5;\"><\/div><div class=\"fusion-post-content\"><p>  Filterklasse: H14 Rahmen: ALU Filtermedium: Glasfaserpapier Temperaturbest\u00e4ndigkeit: 75\u00b0C<\/p><\/div><\/div><\/div><\/article><\/div><\/div><div class=\"fusion-clearfix\"><\/div><\/div><\/div><\/div><\/div>\n","protected":false},"excerpt":{"rendered":"","protected":false},"author":1,"featured_media":0,"parent":464,"menu_order":0,"comment_status":"closed","ping_status":"closed","template":"","meta":{"footnotes":""},"class_list":["post-2622","page","type-page","status-publish","hentry"],"_links":{"self":[{"href":"https:\/\/www.ecotip.si\/de\/wp-json\/wp\/v2\/pages\/2622","targetHints":{"allow":["GET"]}}],"collection":[{"href":"https:\/\/www.ecotip.si\/de\/wp-json\/wp\/v2\/pages"}],"about":[{"href":"https:\/\/www.ecotip.si\/de\/wp-json\/wp\/v2\/types\/page"}],"author":[{"embeddable":true,"href":"https:\/\/www.ecotip.si\/de\/wp-json\/wp\/v2\/users\/1"}],"replies":[{"embeddable":true,"href":"https:\/\/www.ecotip.si\/de\/wp-json\/wp\/v2\/comments?post=2622"}],"version-history":[{"count":0,"href":"https:\/\/www.ecotip.si\/de\/wp-json\/wp\/v2\/pages\/2622\/revisions"}],"up":[{"embeddable":true,"href":"https:\/\/www.ecotip.si\/de\/wp-json\/wp\/v2\/pages\/464"}],"wp:attachment":[{"href":"https:\/\/www.ecotip.si\/de\/wp-json\/wp\/v2\/media?parent=2622"}],"curies":[{"name":"wp","href":"https:\/\/api.w.org\/{rel}","templated":true}]}}